{"id":1028,"date":"2016-04-28T09:47:48","date_gmt":"2016-04-28T07:47:48","guid":{"rendered":"http:\/\/dev.bajan.sk\/penzionmengusovce\/?page_id=1028&#038;lang=de"},"modified":"2017-12-25T23:24:15","modified_gmt":"2017-12-25T21:24:15","slug":"umgebung","status":"publish","type":"page","link":"https:\/\/penzionmengusovce.sk\/de\/reakreation-haus\/umgebung\/","title":{"rendered":"Umgebung"},"content":{"rendered":"<p>[spb_row element_name=&#8221;Row &#8211; Turistika&#8221; wrap_type=&#8221;content-width&#8221; row_bg_type=&#8221;image&#8221; color_row_height=&#8221;content-height&#8221; bg_image=&#8221;538&#8243; bg_type=&#8221;cover&#8221; parallax_image_height=&#8221;content-height&#8221; parallax_image_movement=&#8221;scroll&#8221; parallax_image_speed=&#8221;0.5&#8243; bg_video_loop=&#8221;yes&#8221; parallax_video_height=&#8221;window-height&#8221; row_top_style=&#8221;none&#8221; row_bottom_style=&#8221;none&#8221; parallax_video_overlay=&#8221;none&#8221; row_overlay_opacity=&#8221;0&#8243; row_padding_vertical=&#8221;0&#8243; row_padding_horizontal=&#8221;0&#8243; row_margin_vertical=&#8221;0&#8243; remove_element_spacing=&#8221;yes&#8221; vertical_center=&#8221;true&#8221; inner_column_height=&#8221;col-natural&#8221; row_expanding=&#8221;no&#8221; row_animation=&#8221;none&#8221; row_animation_delay=&#8221;0&#8243; row_el_class=&#8221;no-shadow&#8221; minimize_row=&#8221;no&#8221; simplified_controls=&#8221;yes&#8221; custom_css=&#8221;margin-top: 0px;margin-bottom: 0px;border-top: 0px default ;border-left: 0px default ;border-right: 0px default ;border-bottom: 0px default ;padding-top: 0px;padding-left: 0px;padding-right: 0px;padding-bottom: 0px;&#8221; border_styling_global=&#8221;default&#8221; width=&#8221;1\/1&#8243; el_position=&#8221;first last&#8221;] [spb_column col_animation=&#8221;fadeInUp&#8221; col_animation_delay=&#8221;0&#8243; col_bg_type=&#8221;cover&#8221; col_parallax_image_movement=&#8221;fixed&#8221; col_parallax_image_speed=&#8221;0.5&#8243; col_padding=&#8221;0&#8243; simplified_controls=&#8221;yes&#8221; width=&#8221;1\/1&#8243; el_position=&#8221;first last&#8221;] [spb_blank_spacer height=&#8221;190px&#8221; width=&#8221;1\/1&#8243; el_position=&#8221;first last&#8221;] [spb_boxed_content type=&#8221;coloured&#8221; box_link_target=&#8221;_self&#8221; padding_vertical=&#8221;3&#8243; padding_horizontal=&#8221;0&#8243; el_class=&#8221;transparent&#8221; width=&#8221;1\/1&#8243; el_position=&#8221;first last&#8221;]<\/p>\n<h2 style=\"text-align: center;\"><span style=\"color: #ffffff;\">Umgebung<\/span><\/h2>\n<p>[\/spb_boxed_content] [\/spb_column] [\/spb_row] [spb_row element_name=&#8221;Row&#8221; wrap_type=&#8221;content-width&#8221; row_bg_type=&#8221;color&#8221; row_bg_color=&#8221;#f0f0f0&#8243; color_row_height=&#8221;content-height&#8221; bg_type=&#8221;cover&#8221; parallax_image_height=&#8221;content-height&#8221; parallax_image_movement=&#8221;fixed&#8221; parallax_image_speed=&#8221;0.5&#8243; bg_video_loop=&#8221;yes&#8221; parallax_video_height=&#8221;window-height&#8221; row_top_style=&#8221;none&#8221; row_bottom_style=&#8221;none&#8221; parallax_video_overlay=&#8221;none&#8221; row_overlay_opacity=&#8221;0&#8243; row_padding_vertical=&#8221;0&#8243; row_padding_horizontal=&#8221;0&#8243; row_margin_vertical=&#8221;0&#8243; remove_element_spacing=&#8221;no&#8221; vertical_center=&#8221;true&#8221; inner_column_height=&#8221;col-natural&#8221; row_expanding=&#8221;no&#8221; row_animation=&#8221;none&#8221; row_animation_delay=&#8221;0&#8243; minimize_row=&#8221;no&#8221; width=&#8221;1\/1&#8243; el_position=&#8221;first last&#8221;] [spb_column col_animation=&#8221;none&#8221; col_animation_delay=&#8221;0&#8243; col_bg_type=&#8221;cover&#8221; col_parallax_image_movement=&#8221;fixed&#8221; col_parallax_image_speed=&#8221;0.5&#8243; col_padding=&#8221;0&#8243; width=&#8221;1\/1&#8243; el_position=&#8221;first last&#8221;] [spb_blank_spacer height=&#8221;30px&#8221; width=&#8221;1\/1&#8243; el_position=&#8221;first last&#8221;] [spb_boxed_content type=&#8221;coloured&#8221; box_link_target=&#8221;_self&#8221; padding_vertical=&#8221;0&#8243; padding_horizontal=&#8221;4&#8243; width=&#8221;1\/1&#8243; el_position=&#8221;first last&#8221;]<\/p>\n<p style=\"text-align: center;\">Die Pension befindet sich mitten im Dorf Mengusovce im wundersch\u00f6nen Vorgebirge der Hohen Tatra. Mengusovce erreichen Sie 1km nach der Abfahrt in Richtung Vy\u0161n\u00e9 H\u00e1gy ab der Hauptstra\u00dfe zwischen Tatransk\u00e1 \u0160trba und Svit oder ab der Autobahn in der N\u00e4he vom Tunnel B\u00f4rik. Bekannte Touristenorte wie \u0160trbsk\u00e9 Pleso, Star\u00fd Smokovec und Poprad liegen ungef\u00e4hr 12 km entfernt. Von hier aus kann man ganzt\u00e4gige Wanderungen in die Hohe Tatra und kulturhistorische Ausfl\u00fcge in der Region Zips unternehmen.<\/p>\n<p style=\"text-align: center;\">Beide Objekte befinden sich in Mengusovce, unterhalb der Hohen Tatra. Es ist ein kleines Dorf mit 590 Einwohnern im Vorgebirge der Hohen Tatra, direkt am Fu\u00dfe des Bergmassivs Kon\u010dist\u00e1, in einer H\u00f6he von 825 m. Mengusovce hat durch seine Lage ideale Bedingungen f\u00fcr Besucher der Hohen Tatra.<\/p>\n<div class=\"center\" style=\"text-align: center;\"><\/div>\n<p>[\/spb_boxed_content] [spb_blank_spacer height=&#8221;30px&#8221; width=&#8221;1\/1&#8243; el_position=&#8221;first last&#8221;] [spb_image image=&#8221;1261&#8243; image_size=&#8221;full&#8221; frame=&#8221;noframe&#8221; caption_pos=&#8221;hover&#8221; remove_rounded=&#8221;yes&#8221; fullwidth=&#8221;no&#8221; overflow_mode=&#8221;none&#8221; link_target=&#8221;_self&#8221; lightbox=&#8221;no&#8221; intro_animation=&#8221;none&#8221; animation_delay=&#8221;200&#8243; width=&#8221;1\/2&#8243; el_position=&#8221;first&#8221;] [spb_image image=&#8221;1263&#8243; image_size=&#8221;full&#8221; frame=&#8221;noframe&#8221; caption_pos=&#8221;hover&#8221; remove_rounded=&#8221;yes&#8221; fullwidth=&#8221;no&#8221; overflow_mode=&#8221;none&#8221; link_target=&#8221;_self&#8221; lightbox=&#8221;no&#8221; intro_animation=&#8221;none&#8221; animation_delay=&#8221;200&#8243; width=&#8221;1\/2&#8243; el_position=&#8221;last&#8221;] [\/spb_column] [\/spb_row] [spb_row element_name=&#8221;Row &#8211; Turistika&#8221; wrap_type=&#8221;content-width&#8221; row_bg_type=&#8221;image&#8221; color_row_height=&#8221;content-height&#8221; bg_image=&#8221;576&#8243; bg_type=&#8221;cover&#8221; parallax_image_height=&#8221;content-height&#8221; parallax_image_movement=&#8221;scroll&#8221; parallax_image_speed=&#8221;0.5&#8243; bg_video_loop=&#8221;yes&#8221; parallax_video_height=&#8221;window-height&#8221; row_top_style=&#8221;none&#8221; row_bottom_style=&#8221;none&#8221; parallax_video_overlay=&#8221;none&#8221; row_overlay_opacity=&#8221;0&#8243; row_padding_vertical=&#8221;0&#8243; row_padding_horizontal=&#8221;0&#8243; row_margin_vertical=&#8221;0&#8243; remove_element_spacing=&#8221;yes&#8221; vertical_center=&#8221;true&#8221; inner_column_height=&#8221;col-natural&#8221; row_expanding=&#8221;no&#8221; row_animation=&#8221;none&#8221; row_animation_delay=&#8221;0&#8243; row_el_class=&#8221;no-shadow&#8221; minimize_row=&#8221;no&#8221; simplified_controls=&#8221;yes&#8221; custom_css=&#8221;margin-top: 0px;margin-bottom: 0px;border-top: 0px default ;border-left: 0px default ;border-right: 0px default ;border-bottom: 0px default ;padding-top: 0px;padding-left: 0px;padding-right: 0px;padding-bottom: 0px;&#8221; border_styling_global=&#8221;default&#8221; width=&#8221;1\/1&#8243; el_position=&#8221;first last&#8221;] [spb_column col_animation=&#8221;fadeInUp&#8221; col_animation_delay=&#8221;0&#8243; col_bg_type=&#8221;cover&#8221; col_parallax_image_movement=&#8221;fixed&#8221; col_parallax_image_speed=&#8221;0.5&#8243; col_padding=&#8221;0&#8243; simplified_controls=&#8221;yes&#8221; width=&#8221;1\/1&#8243; el_position=&#8221;first last&#8221;] [spb_blank_spacer height=&#8221;190px&#8221; width=&#8221;1\/1&#8243; el_position=&#8221;first last&#8221;] [spb_boxed_content type=&#8221;coloured&#8221; box_link_target=&#8221;_self&#8221; padding_vertical=&#8221;3&#8243; padding_horizontal=&#8221;0&#8243; el_class=&#8221;transparent&#8221; width=&#8221;1\/1&#8243; el_position=&#8221;first last&#8221;]<\/p>\n<h2 style=\"text-align: center;\"><span style=\"color: #ffffff;\">Freizeitm\u00f6glichkeiten<\/span><\/h2>\n<p>[\/spb_boxed_content] [\/spb_column] [\/spb_row] [spb_row element_name=&#8221;Row &#8211; v lete&#8221; wrap_type=&#8221;content-width&#8221; row_bg_type=&#8221;image&#8221; color_row_height=&#8221;content-height&#8221; bg_type=&#8221;cover&#8221; parallax_image_height=&#8221;content-height&#8221; parallax_image_movement=&#8221;scroll&#8221; parallax_image_speed=&#8221;0.5&#8243; bg_video_loop=&#8221;yes&#8221; parallax_video_height=&#8221;window-height&#8221; row_top_style=&#8221;none&#8221; row_bottom_style=&#8221;none&#8221; parallax_video_overlay=&#8221;none&#8221; row_overlay_opacity=&#8221;0&#8243; row_padding_vertical=&#8221;0&#8243; row_padding_horizontal=&#8221;0&#8243; row_margin_vertical=&#8221;0&#8243; remove_element_spacing=&#8221;yes&#8221; vertical_center=&#8221;true&#8221; inner_column_height=&#8221;col-natural&#8221; row_expanding=&#8221;no&#8221; row_animation=&#8221;none&#8221; row_animation_delay=&#8221;0&#8243; row_el_class=&#8221;no-shadow&#8221; minimize_row=&#8221;no&#8221; width=&#8221;1\/1&#8243; el_position=&#8221;first last&#8221;] [spb_column col_animation=&#8221;none&#8221; col_animation_delay=&#8221;0&#8243; col_el_class=&#8221;no-shadow&#8221; col_bg_type=&#8221;cover&#8221; col_parallax_image_movement=&#8221;scroll&#8221; col_parallax_image_speed=&#8221;0.5&#8243; col_padding=&#8221;0&#8243; width=&#8221;1\/2&#8243; el_position=&#8221;first&#8221;] [spb_image image=&#8221;1107&#8243; image_size=&#8221;full&#8221; frame=&#8221;noframe&#8221; caption_pos=&#8221;hover&#8221; remove_rounded=&#8221;yes&#8221; fullwidth=&#8221;no&#8221; overflow_mode=&#8221;none&#8221; link_target=&#8221;_self&#8221; lightbox=&#8221;no&#8221; intro_animation=&#8221;none&#8221; animation_delay=&#8221;200&#8243; width=&#8221;1\/1&#8243; el_position=&#8221;first last&#8221;] [\/spb_column] [spb_column col_animation=&#8221;fadeInLeft&#8221; col_animation_delay=&#8221;0&#8243; col_el_class=&#8221;no-shadow&#8221; col_bg_color=&#8221;#f0f0f0&#8243; col_bg_type=&#8221;cover&#8221; col_parallax_image_movement=&#8221;scroll&#8221; col_parallax_image_speed=&#8221;0.5&#8243; col_padding=&#8221;0&#8243; width=&#8221;1\/2&#8243; el_position=&#8221;last&#8221;] [spb_boxed_content type=&#8221;coloured&#8221; custom_bg_colour=&#8221;#f0f0f0&#8243; custom_text_colour=&#8221;#303030&#8243; box_link_target=&#8221;_self&#8221; padding_vertical=&#8221;4&#8243; padding_horizontal=&#8221;6&#8243; el_class=&#8221;transparent-turistika&#8221; width=&#8221;1\/1&#8243; el_position=&#8221;first last&#8221;]<\/p>\n<p><span style=\"color: #303030;\"><strong>Im Sommer<\/strong><\/span><\/p>\n<ul>\n<li>Wanderungen in der Hohen Tatra \/ in T\u00e4ler, zu Bergseen und auf Berggipfel\/<\/li>\n<li>Wanderungen in der Niederen Tatra \/ in T\u00e4ler, zu Bergseen und auf Berggipfel\/<\/li>\n<li>Wanderungen und Spazierg\u00e4nge im Slowakischen Paradies \/ Slovensk\u00fd raj \/ Such\u00e1 Bel\u00e1, Durchbruch vom Flu\u00df Horn\u00e1d<\/li>\n<li>Radfahren in der sch\u00f6nen Umgebung<\/li>\n<li>Reiten &#8211; es gibt einen Reitclub in Mengusovce<\/li>\n<li>Thermalb\u00e4der in TATRALANDIA &#8211; Liptovsk\u00fd Mikul\u00e1\u0161, THERMAL PARK Be\u0161e\u0148ov\u00e1, THERMAL PARK Vrbov und AQUACITY Poprad<\/li>\n<li>Flo\u00dffahrten auf dem Fluss Dunajec auf Holzfl\u00f6\u00dfen in dem Nationalpark Pieniny<\/li>\n<li>Besuch &#8211; Kulturerrinerungen &#8211; Spi\u0161sk\u00fd Burg, die Burg Star\u00e1 \u013dubov\u0148a, Levo\u010da, Ke\u017emarok<\/li>\n<\/ul>\n<p>[\/spb_boxed_content] [\/spb_column] [\/spb_row] [spb_row element_name=&#8221;Row &#8211; v zime&#8221; wrap_type=&#8221;content-width&#8221; row_bg_type=&#8221;color&#8221; color_row_height=&#8221;content-height&#8221; bg_type=&#8221;cover&#8221; parallax_image_height=&#8221;content-height&#8221; parallax_image_movement=&#8221;fixed&#8221; parallax_image_speed=&#8221;0.5&#8243; bg_video_loop=&#8221;yes&#8221; parallax_video_height=&#8221;window-height&#8221; row_top_style=&#8221;none&#8221; row_bottom_style=&#8221;none&#8221; parallax_video_overlay=&#8221;none&#8221; row_overlay_opacity=&#8221;0&#8243; row_padding_vertical=&#8221;0&#8243; row_padding_horizontal=&#8221;0&#8243; row_margin_vertical=&#8221;0&#8243; remove_element_spacing=&#8221;yes&#8221; vertical_center=&#8221;true&#8221; inner_column_height=&#8221;col-natural&#8221; row_expanding=&#8221;no&#8221; row_animation=&#8221;none&#8221; row_animation_delay=&#8221;0&#8243; row_el_class=&#8221;no-shadow&#8221; minimize_row=&#8221;no&#8221; width=&#8221;1\/1&#8243; el_position=&#8221;first last&#8221;] [spb_column col_animation=&#8221;none&#8221; col_animation_delay=&#8221;0&#8243; col_el_class=&#8221;no-shadow&#8221; col_bg_type=&#8221;cover&#8221; col_parallax_image_movement=&#8221;scroll&#8221; col_parallax_image_speed=&#8221;0.5&#8243; col_padding=&#8221;0&#8243; width=&#8221;1\/2&#8243; el_position=&#8221;first&#8221;] [spb_image image=&#8221;785&#8243; image_size=&#8221;full&#8221; frame=&#8221;noframe&#8221; caption_pos=&#8221;hover&#8221; remove_rounded=&#8221;yes&#8221; fullwidth=&#8221;no&#8221; overflow_mode=&#8221;none&#8221; link_target=&#8221;_self&#8221; lightbox=&#8221;no&#8221; intro_animation=&#8221;none&#8221; animation_delay=&#8221;200&#8243; width=&#8221;1\/1&#8243; el_position=&#8221;first last&#8221;] [\/spb_column] [spb_column col_animation=&#8221;fadeInLeft&#8221; col_animation_delay=&#8221;0&#8243; col_bg_color=&#8221;#e6e6e6&#8243; col_bg_type=&#8221;cover&#8221; col_parallax_image_movement=&#8221;fixed&#8221; col_parallax_image_speed=&#8221;0.5&#8243; col_padding=&#8221;0&#8243; width=&#8221;1\/2&#8243; el_position=&#8221;last&#8221;] [spb_boxed_content type=&#8221;coloured&#8221; custom_text_colour=&#8221;#303030&#8243; box_link_target=&#8221;_self&#8221; padding_vertical=&#8221;4&#8243; padding_horizontal=&#8221;6&#8243; width=&#8221;1\/1&#8243; el_position=&#8221;first last&#8221;]<\/p>\n<p><strong><span style=\"color: #303030;\">Im Winter\u00a0<\/span>(Wintersportzentren)<\/strong><\/p>\n<ul>\n<li><span style=\"color: #303030;\">Svit-Lopu\u0161n\u00e1 dolina (6 km)<\/span><\/li>\n<li><span style=\"color: #303030;\">\u0160trbsk\u00e9 Pleso (15 km)<\/span><\/li>\n<li><span style=\"color: #303030;\">Liptovsk\u00e1 Tepli\u010dka (20 km)<\/span><\/li>\n<li><span style=\"color: #303030;\">Star\u00fd Smokovec-Hrebienok (17 km)<\/span><\/li>\n<li><span style=\"color: #303030;\">Tatransk\u00e1 Lomnica (23 km)<\/span><\/li>\n<li><span style=\"color: #303030;\">\u010certovica (30 km)<\/span><\/li>\n<li><span style=\"color: #303030;\">Chopok-Jasn\u00e1 (35 km)<\/span><\/li>\n<li><span style=\"color: #303030;\">\u017ddiar (42 km)<\/span><\/li>\n<\/ul>\n<p>[\/spb_boxed_content] [\/spb_column] [\/spb_row] [spb_row element_name=&#8221;Row&#8221; wrap_type=&#8221;content-width&#8221; row_bg_type=&#8221;color&#8221; color_row_height=&#8221;content-height&#8221; bg_type=&#8221;cover&#8221; parallax_image_height=&#8221;content-height&#8221; parallax_image_movement=&#8221;fixed&#8221; parallax_image_speed=&#8221;0.5&#8243; bg_video_loop=&#8221;yes&#8221; parallax_video_height=&#8221;window-height&#8221; row_top_style=&#8221;none&#8221; row_bottom_style=&#8221;none&#8221; parallax_video_overlay=&#8221;none&#8221; row_overlay_opacity=&#8221;0&#8243; row_padding_vertical=&#8221;0&#8243; row_padding_horizontal=&#8221;0&#8243; row_margin_vertical=&#8221;0&#8243; remove_element_spacing=&#8221;no&#8221; vertical_center=&#8221;true&#8221; inner_column_height=&#8221;col-natural&#8221; row_expanding=&#8221;no&#8221; row_animation=&#8221;none&#8221; row_animation_delay=&#8221;0&#8243; minimize_row=&#8221;no&#8221; simplified_controls=&#8221;yes&#8221; custom_css=&#8221;margin-top: 0px;margin-bottom: 0px;border-top: 0px default ;border-left: 0px default ;border-right: 0px default ;border-bottom: 0px default ;padding-top: 0px;padding-left: 0px;padding-right: 0px;padding-bottom: 0px;&#8221; border_styling_global=&#8221;default&#8221; width=&#8221;1\/1&#8243; el_position=&#8221;first last&#8221;] [spb_blank_spacer height=&#8221;30px&#8221; width=&#8221;1\/1&#8243; el_position=&#8221;first last&#8221;] [spb_gmaps size=&#8221;300&#8243; type=&#8221;roadmap&#8221; zoom=&#8221;10&#8243; map_controls=&#8221;yes&#8221; advanced_styling=&#8221;no&#8221; saturation=&#8221;color&#8221; fullscreen=&#8221;no&#8221; width=&#8221;1\/1&#8243; el_position=&#8221;first last&#8221;] [spb_map_pin pin_title=&#8221;First Pin&#8221; address=&#8221;Mengusovce 111, 059 36 Mengusovce, Slovensko&#8221; width=&#8221;1\/1&#8243; el_position=&#8221;first last&#8221;] This is a map pin. Click the edit button to change it. [\/spb_map_pin] [\/spb_gmaps] [spb_blank_spacer height=&#8221;30px&#8221; width=&#8221;1\/1&#8243; el_position=&#8221;first last&#8221;] [\/spb_row]<\/p>\n","protected":false},"excerpt":{"rendered":"<p>[spb_row element_name=&#8221;Row &#8211; Turistika&#8221; wrap_type=&#8221;content-width&#8221; row_bg_type=&#8221;image&#8221; color_row_height=&#8221;content-height&#8221; bg_image=&#8221;538&#8243; bg_type=&#8221;cover&#8221; parallax_image_height=&#8221;content-height&#8221; parallax_image_movement=&#8221;scroll&#8221; parallax_image_speed=&#8221;0.5&#8243; bg_video_loop=&#8221;yes&#8221; parallax_video_height=&#8221;window-height&#8221; row_top_style=&#8221;none&#8221; row_bottom_style=&#8221;none&#8221; parallax_video_overlay=&#8221;none&#8221; row_overlay_opacity=&#8221;0&#8243; row_padding_vertical=&#8221;0&#8243; row_padding_horizontal=&#8221;0&#8243; row_margin_vertical=&#8221;0&#8243; remove_element_spacing=&#8221;yes&#8221; vertical_center=&#8221;true&#8221; inner_column_height=&#8221;col-natural&#8221; row_expanding=&#8221;no&#8221; row_animation=&#8221;none&#8221; row_animation_delay=&#8221;0&#8243; row_el_class=&#8221;no-shadow&#8221; minimize_row=&#8221;no&#8221; simplified_controls=&#8221;yes&#8221; custom_css=&#8221;margin-top: 0px;margin-bottom: 0px;border-top: 0px default ;border-left: 0px default ;border-right: 0px default ;border-bottom: 0px default ;padding-top: 0px;padding-left: 0px;padding-right: 0px;padding-bottom: 0px;&#8221; border_styling_global=&#8221;default&#8221; width=&#8221;1\/1&#8243; el_position=&#8221;first last&#8221;] [spb_column col_animation=&#8221;fadeInUp&#8221; col_animation_delay=&#8221;0&#8243; col_bg_type=&#8221;cover&#8221; col_parallax_image_movement=&#8221;fixed&#8221; col_parallax_image_speed=&#8221;0.5&#8243; col_padding=&#8221;0&#8243; [&hellip;]<\/p>\n","protected":false},"author":3,"featured_media":0,"parent":1509,"menu_order":0,"comment_status":"closed","ping_status":"closed","template":"","meta":{"footnotes":""},"yoast_head":"<!-- This site is optimized with the Yoast SEO plugin v20.0 - https:\/\/yoast.com\/wordpress\/plugins\/seo\/ -->\n<title>Umgebung - Penzi\u00f3n u Pejtrika<\/title>\n<meta name=\"description\" content=\"Penzi\u00f3n bei Pejtrik befindet sich in Mitte von Mengusovce Dorf. In der Umgebung gibt es verschiedene Thermalbads oder Skipisten sowie Wanderwegen.\" \/>\n<meta name=\"robots\" content=\"index, follow, max-snippet:-1, max-image-preview:large, max-video-preview:-1\" \/>\n<link rel=\"canonical\" href=\"https:\/\/penzionmengusovce.sk\/de\/reakreation-haus\/umgebung\/\" \/>\n<meta property=\"og:locale\" content=\"de_DE\" \/>\n<meta property=\"og:type\" content=\"article\" \/>\n<meta property=\"og:title\" content=\"Umgebung - Penzi\u00f3n u Pejtrika\" \/>\n<meta property=\"og:description\" content=\"Penzi\u00f3n bei Pejtrik befindet sich in Mitte von Mengusovce Dorf. In der Umgebung gibt es verschiedene Thermalbads oder Skipisten sowie Wanderwegen.\" \/>\n<meta property=\"og:url\" content=\"https:\/\/penzionmengusovce.sk\/de\/reakreation-haus\/umgebung\/\" \/>\n<meta property=\"og:site_name\" content=\"Penzi\u00f3n u Pejtrika\" \/>\n<meta property=\"article:modified_time\" content=\"2017-12-25T21:24:15+00:00\" \/>\n<meta name=\"twitter:card\" content=\"summary_large_image\" \/>\n<meta name=\"twitter:label1\" content=\"Est. reading time\" \/>\n\t<meta name=\"twitter:data1\" content=\"8 minutes\" \/>\n<script type=\"application\/ld+json\" class=\"yoast-schema-graph\">{\"@context\":\"https:\/\/schema.org\",\"@graph\":[{\"@type\":\"WebPage\",\"@id\":\"https:\/\/penzionmengusovce.sk\/de\/reakreation-haus\/umgebung\/\",\"url\":\"https:\/\/penzionmengusovce.sk\/de\/reakreation-haus\/umgebung\/\",\"name\":\"Umgebung - Penzi\u00f3n u Pejtrika\",\"isPartOf\":{\"@id\":\"https:\/\/penzionmengusovce.sk\/#website\"},\"datePublished\":\"2016-04-28T07:47:48+00:00\",\"dateModified\":\"2017-12-25T21:24:15+00:00\",\"description\":\"Penzi\u00f3n bei Pejtrik befindet sich in Mitte von Mengusovce Dorf. In der Umgebung gibt es verschiedene Thermalbads oder Skipisten sowie Wanderwegen.\",\"breadcrumb\":{\"@id\":\"https:\/\/penzionmengusovce.sk\/de\/reakreation-haus\/umgebung\/#breadcrumb\"},\"inLanguage\":\"de-DE\",\"potentialAction\":[{\"@type\":\"ReadAction\",\"target\":[\"https:\/\/penzionmengusovce.sk\/de\/reakreation-haus\/umgebung\/\"]}]},{\"@type\":\"BreadcrumbList\",\"@id\":\"https:\/\/penzionmengusovce.sk\/de\/reakreation-haus\/umgebung\/#breadcrumb\",\"itemListElement\":[{\"@type\":\"ListItem\",\"position\":1,\"name\":\"Domovsk\u00e1 str\u00e1nka\",\"item\":\"https:\/\/penzionmengusovce.sk\/de\/\"},{\"@type\":\"ListItem\",\"position\":2,\"name\":\"Rekreation haus\",\"item\":\"https:\/\/penzionmengusovce.sk\/de\/reakreation-haus\/\"},{\"@type\":\"ListItem\",\"position\":3,\"name\":\"Umgebung\"}]},{\"@type\":\"WebSite\",\"@id\":\"https:\/\/penzionmengusovce.sk\/#website\",\"url\":\"https:\/\/penzionmengusovce.sk\/\",\"name\":\"Penzi\u00f3n u Pejtrika\",\"description\":\"Penzion Mengusovce\",\"publisher\":{\"@id\":\"https:\/\/penzionmengusovce.sk\/#organization\"},\"potentialAction\":[{\"@type\":\"SearchAction\",\"target\":{\"@type\":\"EntryPoint\",\"urlTemplate\":\"https:\/\/penzionmengusovce.sk\/?s={search_term_string}\"},\"query-input\":\"required name=search_term_string\"}],\"inLanguage\":\"de-DE\"},{\"@type\":\"Organization\",\"@id\":\"https:\/\/penzionmengusovce.sk\/#organization\",\"name\":\"Penzi\u00f3n u Pejtrika\",\"url\":\"https:\/\/penzionmengusovce.sk\/\",\"logo\":{\"@type\":\"ImageObject\",\"inLanguage\":\"de-DE\",\"@id\":\"https:\/\/penzionmengusovce.sk\/#\/schema\/logo\/image\/\",\"url\":\"https:\/\/penzionmengusovce.sk\/wp-content\/uploads\/2016\/03\/upejtrika_logo.png\",\"contentUrl\":\"https:\/\/penzionmengusovce.sk\/wp-content\/uploads\/2016\/03\/upejtrika_logo.png\",\"width\":128,\"height\":120,\"caption\":\"Penzi\u00f3n u Pejtrika\"},\"image\":{\"@id\":\"https:\/\/penzionmengusovce.sk\/#\/schema\/logo\/image\/\"}}]}<\/script>\n<!-- \/ Yoast SEO plugin. -->","yoast_head_json":{"title":"Umgebung - Penzi\u00f3n u Pejtrika","description":"Penzi\u00f3n bei Pejtrik befindet sich in Mitte von Mengusovce Dorf. In der Umgebung gibt es verschiedene Thermalbads oder Skipisten sowie Wanderwegen.","robots":{"index":"index","follow":"follow","max-snippet":"max-snippet:-1","max-image-preview":"max-image-preview:large","max-video-preview":"max-video-preview:-1"},"canonical":"https:\/\/penzionmengusovce.sk\/de\/reakreation-haus\/umgebung\/","og_locale":"de_DE","og_type":"article","og_title":"Umgebung - Penzi\u00f3n u Pejtrika","og_description":"Penzi\u00f3n bei Pejtrik befindet sich in Mitte von Mengusovce Dorf. In der Umgebung gibt es verschiedene Thermalbads oder Skipisten sowie Wanderwegen.","og_url":"https:\/\/penzionmengusovce.sk\/de\/reakreation-haus\/umgebung\/","og_site_name":"Penzi\u00f3n u Pejtrika","article_modified_time":"2017-12-25T21:24:15+00:00","twitter_card":"summary_large_image","twitter_misc":{"Est. reading time":"8 minutes"},"schema":{"@context":"https:\/\/schema.org","@graph":[{"@type":"WebPage","@id":"https:\/\/penzionmengusovce.sk\/de\/reakreation-haus\/umgebung\/","url":"https:\/\/penzionmengusovce.sk\/de\/reakreation-haus\/umgebung\/","name":"Umgebung - Penzi\u00f3n u Pejtrika","isPartOf":{"@id":"https:\/\/penzionmengusovce.sk\/#website"},"datePublished":"2016-04-28T07:47:48+00:00","dateModified":"2017-12-25T21:24:15+00:00","description":"Penzi\u00f3n bei Pejtrik befindet sich in Mitte von Mengusovce Dorf. In der Umgebung gibt es verschiedene Thermalbads oder Skipisten sowie Wanderwegen.","breadcrumb":{"@id":"https:\/\/penzionmengusovce.sk\/de\/reakreation-haus\/umgebung\/#breadcrumb"},"inLanguage":"de-DE","potentialAction":[{"@type":"ReadAction","target":["https:\/\/penzionmengusovce.sk\/de\/reakreation-haus\/umgebung\/"]}]},{"@type":"BreadcrumbList","@id":"https:\/\/penzionmengusovce.sk\/de\/reakreation-haus\/umgebung\/#breadcrumb","itemListElement":[{"@type":"ListItem","position":1,"name":"Domovsk\u00e1 str\u00e1nka","item":"https:\/\/penzionmengusovce.sk\/de\/"},{"@type":"ListItem","position":2,"name":"Rekreation haus","item":"https:\/\/penzionmengusovce.sk\/de\/reakreation-haus\/"},{"@type":"ListItem","position":3,"name":"Umgebung"}]},{"@type":"WebSite","@id":"https:\/\/penzionmengusovce.sk\/#website","url":"https:\/\/penzionmengusovce.sk\/","name":"Penzi\u00f3n u Pejtrika","description":"Penzion Mengusovce","publisher":{"@id":"https:\/\/penzionmengusovce.sk\/#organization"},"potentialAction":[{"@type":"SearchAction","target":{"@type":"EntryPoint","urlTemplate":"https:\/\/penzionmengusovce.sk\/?s={search_term_string}"},"query-input":"required name=search_term_string"}],"inLanguage":"de-DE"},{"@type":"Organization","@id":"https:\/\/penzionmengusovce.sk\/#organization","name":"Penzi\u00f3n u Pejtrika","url":"https:\/\/penzionmengusovce.sk\/","logo":{"@type":"ImageObject","inLanguage":"de-DE","@id":"https:\/\/penzionmengusovce.sk\/#\/schema\/logo\/image\/","url":"https:\/\/penzionmengusovce.sk\/wp-content\/uploads\/2016\/03\/upejtrika_logo.png","contentUrl":"https:\/\/penzionmengusovce.sk\/wp-content\/uploads\/2016\/03\/upejtrika_logo.png","width":128,"height":120,"caption":"Penzi\u00f3n u Pejtrika"},"image":{"@id":"https:\/\/penzionmengusovce.sk\/#\/schema\/logo\/image\/"}}]}},"_links":{"self":[{"href":"https:\/\/penzionmengusovce.sk\/de\/wp-json\/wp\/v2\/pages\/1028"}],"collection":[{"href":"https:\/\/penzionmengusovce.sk\/de\/wp-json\/wp\/v2\/pages"}],"about":[{"href":"https:\/\/penzionmengusovce.sk\/de\/wp-json\/wp\/v2\/types\/page"}],"author":[{"embeddable":true,"href":"https:\/\/penzionmengusovce.sk\/de\/wp-json\/wp\/v2\/users\/3"}],"replies":[{"embeddable":true,"href":"https:\/\/penzionmengusovce.sk\/de\/wp-json\/wp\/v2\/comments?post=1028"}],"version-history":[{"count":16,"href":"https:\/\/penzionmengusovce.sk\/de\/wp-json\/wp\/v2\/pages\/1028\/revisions"}],"predecessor-version":[{"id":1763,"href":"https:\/\/penzionmengusovce.sk\/de\/wp-json\/wp\/v2\/pages\/1028\/revisions\/1763"}],"up":[{"embeddable":true,"href":"https:\/\/penzionmengusovce.sk\/de\/wp-json\/wp\/v2\/pages\/1509"}],"wp:attachment":[{"href":"https:\/\/penzionmengusovce.sk\/de\/wp-json\/wp\/v2\/media?parent=1028"}],"curies":[{"name":"wp","href":"https:\/\/api.w.org\/{rel}","templated":true}]}}