{"id":1038,"date":"2016-04-28T09:52:03","date_gmt":"2016-04-28T07:52:03","guid":{"rendered":"http:\/\/dev.bajan.sk\/penzionmengusovce\/?page_id=1038&#038;lang=de"},"modified":"2022-03-04T23:14:17","modified_gmt":"2022-03-04T21:14:17","slug":"accommodation","status":"publish","type":"page","link":"https:\/\/penzionmengusovce.sk\/de\/reakreation-haus\/accommodation\/","title":{"rendered":"Unterkunft"},"content":{"rendered":"<p>[spb_row element_name=&#8221;Row &#8211; Liecebne cinitele&#8221; wrap_type=&#8221;content-width&#8221; row_bg_type=&#8221;image&#8221; color_row_height=&#8221;content-height&#8221; bg_image=&#8221;1283&#8243; bg_type=&#8221;cover&#8221; parallax_image_height=&#8221;content-height&#8221; parallax_image_movement=&#8221;scroll&#8221; parallax_image_speed=&#8221;0.5&#8243; bg_video_loop=&#8221;yes&#8221; parallax_video_height=&#8221;window-height&#8221; row_top_style=&#8221;none&#8221; row_bottom_style=&#8221;none&#8221; parallax_video_overlay=&#8221;none&#8221; row_overlay_opacity=&#8221;0&#8243; remove_element_spacing=&#8221;yes&#8221; row_col_pos=&#8221;default&#8221; row_expanding=&#8221;no&#8221; row_animation=&#8221;none&#8221; row_animation_delay=&#8221;0&#8243; minimize_row=&#8221;no&#8221; simplified_controls=&#8221;yes&#8221; custom_css=&#8221;margin-top: 0px;margin-bottom: 0px;border-top: 0px default ;border-left: 0px default ;border-right: 0px default ;border-bottom: 0px default ;padding-top: 0px;padding-left: 0px;padding-right: 0px;padding-bottom: 0px;&#8221; border_styling_global=&#8221;default&#8221; el_class=&#8221;no-shadow&#8221; width=&#8221;1\/1&#8243; el_position=&#8221;first last&#8221;] [spb_column col_animation=&#8221;fadeInUp&#8221; col_animation_delay=&#8221;0&#8243; col_bg_type=&#8221;cover&#8221; col_parallax_image_movement=&#8221;fixed&#8221; col_parallax_image_speed=&#8221;0.5&#8243; col_padding=&#8221;0&#8243; col_sm=&#8221;12&#8243; simplified_controls=&#8221;yes&#8221; padding_horizontal=&#8221;0&#8243; custom_css=&#8221;margin-top: 0px;margin-bottom: 0px;border-top: 0px default ;border-left: 0px default ;border-right: 0px default ;border-bottom: 0px default ;padding-top: 0px;padding-left: 0px;padding-right: 0px;padding-bottom: 0px;&#8221; border_styling_global=&#8221;default&#8221; width=&#8221;1\/1&#8243; el_position=&#8221;first last&#8221;] [spb_blank_spacer height=&#8221;190px&#8221; width=&#8221;1\/1&#8243; el_position=&#8221;first last&#8221;] [spb_boxed_content type=&#8221;coloured&#8221; box_link_target=&#8221;_self&#8221; padding_vertical=&#8221;3&#8243; padding_horizontal=&#8221;0&#8243; el_class=&#8221;transparent&#8221; width=&#8221;1\/1&#8243; el_position=&#8221;first last&#8221;]<\/p>\n<h2 style=\"text-align: center;\"><span style=\"color: #ffffff;\">Unterkunft<\/span><\/h2>\n<p>[\/spb_boxed_content] [\/spb_column] [\/spb_row] [spb_row element_name=&#8221;Row&#8221; wrap_type=&#8221;content-width&#8221; row_bg_type=&#8221;color&#8221; row_bg_color=&#8221;#333333&#8243; color_row_height=&#8221;content-height&#8221; bg_type=&#8221;cover&#8221; parallax_image_height=&#8221;content-height&#8221; parallax_image_movement=&#8221;fixed&#8221; parallax_image_speed=&#8221;0.5&#8243; bg_video_loop=&#8221;yes&#8221; parallax_video_height=&#8221;window-height&#8221; row_top_style=&#8221;none&#8221; row_bottom_style=&#8221;none&#8221; parallax_video_overlay=&#8221;none&#8221; row_overlay_opacity=&#8221;0&#8243; remove_element_spacing=&#8221;no&#8221; row_col_pos=&#8221;default&#8221; row_expanding=&#8221;no&#8221; row_animation=&#8221;none&#8221; row_animation_delay=&#8221;0&#8243; minimize_row=&#8221;no&#8221; simplified_controls=&#8221;yes&#8221; custom_css=&#8221;margin-top: 0px;margin-bottom: 0px;border-top: 0px default ;border-left: 0px default ;border-right: 0px default ;border-bottom: 0px default ;padding-top: 0px;padding-left: 0px;padding-right: 0px;padding-bottom: 0px;&#8221; border_styling_global=&#8221;default&#8221; width=&#8221;1\/1&#8243; el_position=&#8221;first last&#8221;] [spb_blank_spacer height=&#8221;60px&#8221; width=&#8221;1\/1&#8243; el_position=&#8221;first last&#8221;] [spb_column col_sm=&#8221;6&#8243; simplified_controls=&#8221;yes&#8221; padding_horizontal=&#8221;0&#8243; width=&#8221;1\/2&#8243; el_position=&#8221;first&#8221;] [spb_boxed_content type=&#8221;coloured&#8221; custom_text_colour=&#8221;#ffffff&#8221; box_link_target=&#8221;_self&#8221; padding_vertical=&#8221;0&#8243; padding_horizontal=&#8221;0&#8243; width=&#8221;1\/1&#8243; el_position=&#8221;first last&#8221;]<\/p>\n<h3><span style=\"color: #ffffff;\">Den g\u00e4sten steht folgendes zur verf\u00fcgung:<\/span><\/h3>\n<ul>\n<li><span style=\"color: #ffffff;\">insgesamt 10 Betten<\/span><\/li>\n<li><span style=\"color: #ffffff;\">2 2-Bettzimmer, 2 3-Bettzimmer<\/span><\/li>\n<li><span style=\"color: #ffffff;\">1 Aufenthaltsraum \u2013 Wohnzimmer mit Fernseher und Video<\/span><\/li>\n<li><span style=\"color: #ffffff;\">1 komplett eingerichtete K\u00fcche (K\u00fchlschrank, Gefrierschrank, Geschirrsp\u00fcler, Gasherd,<\/span><\/li>\n<li><span style=\"color: #ffffff;\">Toaster, Mikrowelle, Wasserkocher) + Speisekammer<\/span><\/li>\n<li><span style=\"color: #ffffff;\">2 B\u00e4der mit Duschkabinen, 2 Toiletten<\/span><\/li>\n<li><span style=\"color: #ffffff;\">teilweise \u00fcberdachte Terasse Gartenkamin und Sitzm\u00f6glichkeit<\/span><\/li>\n<\/ul>\n<p>[\/spb_boxed_content] [spb_boxed_content type=&#8221;coloured&#8221; box_link_target=&#8221;_self&#8221; padding_vertical=&#8221;0&#8243; padding_horizontal=&#8221;0&#8243; width=&#8221;1\/1&#8243; el_position=&#8221;first last&#8221;]<\/p>\n<h4><span style=\"color: #ffffff;\">Im Sommer Gartengrillecke mit wundersch\u00f6nem Panoramablick auf die Hohe Tatra.<\/span><\/h4>\n<p>[\/spb_boxed_content] [spb_blank_spacer height=&#8221;60px&#8221; width=&#8221;1\/1&#8243; el_position=&#8221;first last&#8221;] [\/spb_column] [spb_column col_sm=&#8221;6&#8243; simplified_controls=&#8221;yes&#8221; padding_horizontal=&#8221;0&#8243; width=&#8221;1\/2&#8243; el_position=&#8221;last&#8221;] [spb_gallery gallery_id=&#8221;1260&#8243; display_type=&#8221;slider&#8221; columns=&#8221;5&#8243; fullwidth=&#8221;no&#8221; gutters=&#8221;yes&#8221; image_size=&#8221;full&#8221; slider_transition=&#8221;slide&#8221; show_thumbs=&#8221;no&#8221; autoplay=&#8221;yes&#8221; show_captions=&#8221;no&#8221; enable_lightbox=&#8221;yes&#8221; width=&#8221;1\/1&#8243; el_position=&#8221;first last&#8221;] [\/spb_column] [spb_column col_sm=&#8221;12&#8243; padding_horizontal=&#8221;0&#8243; width=&#8221;1\/1&#8243; el_position=&#8221;first last&#8221;] [spb_gallery gallery_id=&#8221;1251&#8243; display_type=&#8221;masonry&#8221; columns=&#8221;5&#8243; fullwidth=&#8221;no&#8221; gutters=&#8221;yes&#8221; image_size=&#8221;full&#8221; slider_transition=&#8221;slide&#8221; show_thumbs=&#8221;yes&#8221; autoplay=&#8221;yes&#8221; show_captions=&#8221;no&#8221; enable_lightbox=&#8221;yes&#8221; width=&#8221;1\/1&#8243; el_position=&#8221;first last&#8221;] [\/spb_column] [spb_blank_spacer height=&#8221;30px&#8221; width=&#8221;1\/1&#8243; el_position=&#8221;first last&#8221;] [\/spb_row] [spb_row element_name=&#8221;Row&#8221; wrap_type=&#8221;content-width&#8221; row_bg_type=&#8221;color&#8221; row_bg_color=&#8221;#404040&#8243; color_row_height=&#8221;content-height&#8221; bg_type=&#8221;cover&#8221; parallax_image_height=&#8221;content-height&#8221; parallax_image_movement=&#8221;fixed&#8221; parallax_image_speed=&#8221;0.5&#8243; bg_video_loop=&#8221;yes&#8221; parallax_video_height=&#8221;window-height&#8221; row_top_style=&#8221;none&#8221; row_bottom_style=&#8221;none&#8221; parallax_video_overlay=&#8221;none&#8221; row_overlay_opacity=&#8221;0&#8243; remove_element_spacing=&#8221;no&#8221; row_col_pos=&#8221;default&#8221; row_expanding=&#8221;no&#8221; row_animation=&#8221;none&#8221; row_animation_delay=&#8221;0&#8243; minimize_row=&#8221;no&#8221; simplified_controls=&#8221;yes&#8221; custom_css=&#8221;margin-top: 0px;margin-bottom: 0px;border-top: 0px default ;border-left: 0px default ;border-right: 0px default ;border-bottom: 0px default ;padding-top: 0px;padding-left: 0px;padding-right: 0px;padding-bottom: 0px;&#8221; border_styling_global=&#8221;default&#8221; width=&#8221;1\/1&#8243; el_position=&#8221;first last&#8221;] [spb_blank_spacer height=&#8221;30px&#8221; width=&#8221;1\/1&#8243; el_position=&#8221;first last&#8221;] [spb_column col_sm=&#8221;6&#8243; simplified_controls=&#8221;yes&#8221; padding_horizontal=&#8221;0&#8243; width=&#8221;1\/2&#8243; el_position=&#8221;first&#8221;] [spb_boxed_content type=&#8221;coloured&#8221; custom_text_colour=&#8221;#ffffff&#8221; box_link_target=&#8221;_self&#8221; padding_vertical=&#8221;0&#8243; padding_horizontal=&#8221;0&#8243; width=&#8221;1\/1&#8243; el_position=&#8221;first last&#8221;]<\/p>\n<h3><span style=\"color: #ffffff;\">Zusatzinformationen<\/span><\/h3>\n<ul>\n<li><span style=\"color: #ffffff;\">das Haus Nr. 92 ist ein eigenst\u00e4ndiges Objekt und steht ausschlie\u00dflich den hier untergebrachten G\u00e4sten zur Verf\u00fcgung \/ohne Hausbewohner\/<\/span><\/li>\n<li><span style=\"color: #ffffff;\">Das Objekt kann auch als Ganzes gemietet werden von maximal 10 Personen, einschl. Kindern<\/span><\/li>\n<li><span style=\"color: #ffffff;\">insbesondere geeignet f\u00fcr Firmenaktionen oder Wandergruppen<\/span><\/li>\n<li><span style=\"color: #ffffff;\">Parkplatz f\u00fcr maximal 3 Autos im Garten<\/span><\/li>\n<li><span style=\"color: #ffffff;\">Haustiere (Hund oder Katze) sind kein Problem<\/span><\/li>\n<\/ul>\n<p>[\/spb_boxed_content] [\/spb_column] [spb_column col_sm=&#8221;6&#8243; simplified_controls=&#8221;yes&#8221; padding_horizontal=&#8221;0&#8243; width=&#8221;1\/2&#8243; el_position=&#8221;last&#8221;] [spb_gallery gallery_id=&#8221;632&#8243; display_type=&#8221;slider&#8221; columns=&#8221;5&#8243; fullwidth=&#8221;no&#8221; gutters=&#8221;yes&#8221; image_size=&#8221;full&#8221; slider_transition=&#8221;slide&#8221; show_thumbs=&#8221;no&#8221; autoplay=&#8221;yes&#8221; show_captions=&#8221;no&#8221; enable_lightbox=&#8221;no&#8221; width=&#8221;1\/1&#8243; el_position=&#8221;first last&#8221;] [\/spb_column] [\/spb_row]<\/p>\n","protected":false},"excerpt":{"rendered":"<p>[spb_row element_name=&#8221;Row &#8211; Liecebne cinitele&#8221; wrap_type=&#8221;content-width&#8221; row_bg_type=&#8221;image&#8221; color_row_height=&#8221;content-height&#8221; bg_image=&#8221;1283&#8243; bg_type=&#8221;cover&#8221; parallax_image_height=&#8221;content-height&#8221; parallax_image_movement=&#8221;scroll&#8221; parallax_image_speed=&#8221;0.5&#8243; bg_video_loop=&#8221;yes&#8221; parallax_video_height=&#8221;window-height&#8221; row_top_style=&#8221;none&#8221; row_bottom_style=&#8221;none&#8221; parallax_video_overlay=&#8221;none&#8221; row_overlay_opacity=&#8221;0&#8243; remove_element_spacing=&#8221;yes&#8221; row_col_pos=&#8221;default&#8221; row_expanding=&#8221;no&#8221; row_animation=&#8221;none&#8221; row_animation_delay=&#8221;0&#8243; minimize_row=&#8221;no&#8221; simplified_controls=&#8221;yes&#8221; custom_css=&#8221;margin-top: 0px;margin-bottom: 0px;border-top: 0px default ;border-left: 0px default ;border-right: 0px default ;border-bottom: 0px default ;padding-top: 0px;padding-left: 0px;padding-right: 0px;padding-bottom: 0px;&#8221; border_styling_global=&#8221;default&#8221; el_class=&#8221;no-shadow&#8221; width=&#8221;1\/1&#8243; el_position=&#8221;first last&#8221;] [spb_column col_animation=&#8221;fadeInUp&#8221; col_animation_delay=&#8221;0&#8243; col_bg_type=&#8221;cover&#8221; col_parallax_image_movement=&#8221;fixed&#8221; col_parallax_image_speed=&#8221;0.5&#8243; col_padding=&#8221;0&#8243; col_sm=&#8221;12&#8243; simplified_controls=&#8221;yes&#8221; padding_horizontal=&#8221;0&#8243; [&hellip;]<\/p>\n","protected":false},"author":3,"featured_media":0,"parent":1509,"menu_order":0,"comment_status":"closed","ping_status":"closed","template":"","meta":{"footnotes":""},"yoast_head":"<!-- This site is optimized with the Yoast SEO plugin v20.0 - https:\/\/yoast.com\/wordpress\/plugins\/seo\/ -->\n<title>Unterkunft - Penzi\u00f3n u Pejtrika<\/title>\n<meta name=\"description\" content=\"Pension \u201eBei Pejtrik\u201c bietet hohen Standard f\u00fcr anspruchsvolle G\u00e4ste in 6 Zimmer und einem Haus mit Verfplegung und guter Lage in Hohen Tatras.\" \/>\n<meta name=\"robots\" content=\"index, follow, max-snippet:-1, max-image-preview:large, max-video-preview:-1\" \/>\n<link rel=\"canonical\" href=\"https:\/\/penzionmengusovce.sk\/de\/reakreation-haus\/accommodation\/\" \/>\n<meta property=\"og:locale\" content=\"de_DE\" \/>\n<meta property=\"og:type\" content=\"article\" \/>\n<meta property=\"og:title\" content=\"Unterkunft - Penzi\u00f3n u Pejtrika\" \/>\n<meta property=\"og:description\" content=\"Pension \u201eBei Pejtrik\u201c bietet hohen Standard f\u00fcr anspruchsvolle G\u00e4ste in 6 Zimmer und einem Haus mit Verfplegung und guter Lage in Hohen Tatras.\" \/>\n<meta property=\"og:url\" content=\"https:\/\/penzionmengusovce.sk\/de\/reakreation-haus\/accommodation\/\" \/>\n<meta property=\"og:site_name\" content=\"Penzi\u00f3n u Pejtrika\" \/>\n<meta property=\"article:modified_time\" content=\"2022-03-04T21:14:17+00:00\" \/>\n<meta name=\"twitter:card\" content=\"summary_large_image\" \/>\n<meta name=\"twitter:label1\" content=\"Est. reading time\" \/>\n\t<meta name=\"twitter:data1\" content=\"4 minutes\" \/>\n<script type=\"application\/ld+json\" class=\"yoast-schema-graph\">{\"@context\":\"https:\/\/schema.org\",\"@graph\":[{\"@type\":\"WebPage\",\"@id\":\"https:\/\/penzionmengusovce.sk\/de\/reakreation-haus\/accommodation\/\",\"url\":\"https:\/\/penzionmengusovce.sk\/de\/reakreation-haus\/accommodation\/\",\"name\":\"Unterkunft - Penzi\u00f3n u Pejtrika\",\"isPartOf\":{\"@id\":\"https:\/\/penzionmengusovce.sk\/#website\"},\"datePublished\":\"2016-04-28T07:52:03+00:00\",\"dateModified\":\"2022-03-04T21:14:17+00:00\",\"description\":\"Pension \u201eBei Pejtrik\u201c bietet hohen Standard f\u00fcr anspruchsvolle G\u00e4ste in 6 Zimmer und einem Haus mit Verfplegung und guter Lage in Hohen Tatras.\",\"breadcrumb\":{\"@id\":\"https:\/\/penzionmengusovce.sk\/de\/reakreation-haus\/accommodation\/#breadcrumb\"},\"inLanguage\":\"de-DE\",\"potentialAction\":[{\"@type\":\"ReadAction\",\"target\":[\"https:\/\/penzionmengusovce.sk\/de\/reakreation-haus\/accommodation\/\"]}]},{\"@type\":\"BreadcrumbList\",\"@id\":\"https:\/\/penzionmengusovce.sk\/de\/reakreation-haus\/accommodation\/#breadcrumb\",\"itemListElement\":[{\"@type\":\"ListItem\",\"position\":1,\"name\":\"Domovsk\u00e1 str\u00e1nka\",\"item\":\"https:\/\/penzionmengusovce.sk\/de\/\"},{\"@type\":\"ListItem\",\"position\":2,\"name\":\"Rekreation haus\",\"item\":\"https:\/\/penzionmengusovce.sk\/de\/reakreation-haus\/\"},{\"@type\":\"ListItem\",\"position\":3,\"name\":\"Unterkunft\"}]},{\"@type\":\"WebSite\",\"@id\":\"https:\/\/penzionmengusovce.sk\/#website\",\"url\":\"https:\/\/penzionmengusovce.sk\/\",\"name\":\"Penzi\u00f3n u Pejtrika\",\"description\":\"Penzion Mengusovce\",\"publisher\":{\"@id\":\"https:\/\/penzionmengusovce.sk\/#organization\"},\"potentialAction\":[{\"@type\":\"SearchAction\",\"target\":{\"@type\":\"EntryPoint\",\"urlTemplate\":\"https:\/\/penzionmengusovce.sk\/?s={search_term_string}\"},\"query-input\":\"required name=search_term_string\"}],\"inLanguage\":\"de-DE\"},{\"@type\":\"Organization\",\"@id\":\"https:\/\/penzionmengusovce.sk\/#organization\",\"name\":\"Penzi\u00f3n u Pejtrika\",\"url\":\"https:\/\/penzionmengusovce.sk\/\",\"logo\":{\"@type\":\"ImageObject\",\"inLanguage\":\"de-DE\",\"@id\":\"https:\/\/penzionmengusovce.sk\/#\/schema\/logo\/image\/\",\"url\":\"https:\/\/penzionmengusovce.sk\/wp-content\/uploads\/2016\/03\/upejtrika_logo.png\",\"contentUrl\":\"https:\/\/penzionmengusovce.sk\/wp-content\/uploads\/2016\/03\/upejtrika_logo.png\",\"width\":128,\"height\":120,\"caption\":\"Penzi\u00f3n u Pejtrika\"},\"image\":{\"@id\":\"https:\/\/penzionmengusovce.sk\/#\/schema\/logo\/image\/\"}}]}<\/script>\n<!-- \/ Yoast SEO plugin. -->","yoast_head_json":{"title":"Unterkunft - Penzi\u00f3n u Pejtrika","description":"Pension \u201eBei Pejtrik\u201c bietet hohen Standard f\u00fcr anspruchsvolle G\u00e4ste in 6 Zimmer und einem Haus mit Verfplegung und guter Lage in Hohen Tatras.","robots":{"index":"index","follow":"follow","max-snippet":"max-snippet:-1","max-image-preview":"max-image-preview:large","max-video-preview":"max-video-preview:-1"},"canonical":"https:\/\/penzionmengusovce.sk\/de\/reakreation-haus\/accommodation\/","og_locale":"de_DE","og_type":"article","og_title":"Unterkunft - Penzi\u00f3n u Pejtrika","og_description":"Pension \u201eBei Pejtrik\u201c bietet hohen Standard f\u00fcr anspruchsvolle G\u00e4ste in 6 Zimmer und einem Haus mit Verfplegung und guter Lage in Hohen Tatras.","og_url":"https:\/\/penzionmengusovce.sk\/de\/reakreation-haus\/accommodation\/","og_site_name":"Penzi\u00f3n u Pejtrika","article_modified_time":"2022-03-04T21:14:17+00:00","twitter_card":"summary_large_image","twitter_misc":{"Est. reading time":"4 minutes"},"schema":{"@context":"https:\/\/schema.org","@graph":[{"@type":"WebPage","@id":"https:\/\/penzionmengusovce.sk\/de\/reakreation-haus\/accommodation\/","url":"https:\/\/penzionmengusovce.sk\/de\/reakreation-haus\/accommodation\/","name":"Unterkunft - Penzi\u00f3n u Pejtrika","isPartOf":{"@id":"https:\/\/penzionmengusovce.sk\/#website"},"datePublished":"2016-04-28T07:52:03+00:00","dateModified":"2022-03-04T21:14:17+00:00","description":"Pension \u201eBei Pejtrik\u201c bietet hohen Standard f\u00fcr anspruchsvolle G\u00e4ste in 6 Zimmer und einem Haus mit Verfplegung und guter Lage in Hohen Tatras.","breadcrumb":{"@id":"https:\/\/penzionmengusovce.sk\/de\/reakreation-haus\/accommodation\/#breadcrumb"},"inLanguage":"de-DE","potentialAction":[{"@type":"ReadAction","target":["https:\/\/penzionmengusovce.sk\/de\/reakreation-haus\/accommodation\/"]}]},{"@type":"BreadcrumbList","@id":"https:\/\/penzionmengusovce.sk\/de\/reakreation-haus\/accommodation\/#breadcrumb","itemListElement":[{"@type":"ListItem","position":1,"name":"Domovsk\u00e1 str\u00e1nka","item":"https:\/\/penzionmengusovce.sk\/de\/"},{"@type":"ListItem","position":2,"name":"Rekreation haus","item":"https:\/\/penzionmengusovce.sk\/de\/reakreation-haus\/"},{"@type":"ListItem","position":3,"name":"Unterkunft"}]},{"@type":"WebSite","@id":"https:\/\/penzionmengusovce.sk\/#website","url":"https:\/\/penzionmengusovce.sk\/","name":"Penzi\u00f3n u Pejtrika","description":"Penzion Mengusovce","publisher":{"@id":"https:\/\/penzionmengusovce.sk\/#organization"},"potentialAction":[{"@type":"SearchAction","target":{"@type":"EntryPoint","urlTemplate":"https:\/\/penzionmengusovce.sk\/?s={search_term_string}"},"query-input":"required name=search_term_string"}],"inLanguage":"de-DE"},{"@type":"Organization","@id":"https:\/\/penzionmengusovce.sk\/#organization","name":"Penzi\u00f3n u Pejtrika","url":"https:\/\/penzionmengusovce.sk\/","logo":{"@type":"ImageObject","inLanguage":"de-DE","@id":"https:\/\/penzionmengusovce.sk\/#\/schema\/logo\/image\/","url":"https:\/\/penzionmengusovce.sk\/wp-content\/uploads\/2016\/03\/upejtrika_logo.png","contentUrl":"https:\/\/penzionmengusovce.sk\/wp-content\/uploads\/2016\/03\/upejtrika_logo.png","width":128,"height":120,"caption":"Penzi\u00f3n u Pejtrika"},"image":{"@id":"https:\/\/penzionmengusovce.sk\/#\/schema\/logo\/image\/"}}]}},"_links":{"self":[{"href":"https:\/\/penzionmengusovce.sk\/de\/wp-json\/wp\/v2\/pages\/1038"}],"collection":[{"href":"https:\/\/penzionmengusovce.sk\/de\/wp-json\/wp\/v2\/pages"}],"about":[{"href":"https:\/\/penzionmengusovce.sk\/de\/wp-json\/wp\/v2\/types\/page"}],"author":[{"embeddable":true,"href":"https:\/\/penzionmengusovce.sk\/de\/wp-json\/wp\/v2\/users\/3"}],"replies":[{"embeddable":true,"href":"https:\/\/penzionmengusovce.sk\/de\/wp-json\/wp\/v2\/comments?post=1038"}],"version-history":[{"count":19,"href":"https:\/\/penzionmengusovce.sk\/de\/wp-json\/wp\/v2\/pages\/1038\/revisions"}],"predecessor-version":[{"id":1957,"href":"https:\/\/penzionmengusovce.sk\/de\/wp-json\/wp\/v2\/pages\/1038\/revisions\/1957"}],"up":[{"embeddable":true,"href":"https:\/\/penzionmengusovce.sk\/de\/wp-json\/wp\/v2\/pages\/1509"}],"wp:attachment":[{"href":"https:\/\/penzionmengusovce.sk\/de\/wp-json\/wp\/v2\/media?parent=1038"}],"curies":[{"name":"wp","href":"https:\/\/api.w.org\/{rel}","templated":true}]}}