{"id":899,"date":"2016-03-03T21:44:52","date_gmt":"2016-03-03T19:44:52","guid":{"rendered":"http:\/\/dev.bajan.sk\/penzionmengusovce\/?page_id=899&#038;lang=de"},"modified":"2019-01-02T19:42:55","modified_gmt":"2019-01-02T17:42:55","slug":"kontakt","status":"publish","type":"page","link":"https:\/\/penzionmengusovce.sk\/de\/penzion-at-pejtriks\/kontakt\/","title":{"rendered":"Kontakt"},"content":{"rendered":"<p>[spb_row element_name=&#8221;Row&#8221; wrap_type=&#8221;content-width&#8221; row_bg_type=&#8221;image&#8221; color_row_height=&#8221;content-height&#8221; bg_image=&#8221;1421&#8243; bg_type=&#8221;cover&#8221; parallax_image_height=&#8221;content-height&#8221; parallax_image_movement=&#8221;scroll&#8221; parallax_image_speed=&#8221;0.5&#8243; bg_video_loop=&#8221;yes&#8221; parallax_video_height=&#8221;window-height&#8221; row_top_style=&#8221;none&#8221; row_bottom_style=&#8221;none&#8221; parallax_video_overlay=&#8221;none&#8221; row_overlay_opacity=&#8221;0&#8243; remove_element_spacing=&#8221;no&#8221; row_col_pos=&#8221;default&#8221; row_expanding=&#8221;no&#8221; row_animation=&#8221;none&#8221; row_animation_delay=&#8221;0&#8243; minimize_row=&#8221;no&#8221; simplified_controls=&#8221;yes&#8221; custom_css=&#8221;margin-top: 0px;margin-bottom: 0px;border-top: 0px default ;border-left: 0px default ;border-right: 0px default ;border-bottom: 0px default ;padding-top: 0px;padding-left: 0px;padding-right: 0px;padding-bottom: 0px;&#8221; border_styling_global=&#8221;default&#8221; el_class=&#8221;no-shadow&#8221; width=&#8221;1\/1&#8243; el_position=&#8221;first last&#8221;] [spb_blank_spacer height=&#8221;400px&#8221; width=&#8221;1\/1&#8243; el_position=&#8221;first last&#8221;] [\/spb_row] [spb_row element_name=&#8221;Row&#8221; wrap_type=&#8221;content-width&#8221; row_bg_type=&#8221;color&#8221; row_bg_color=&#8221;#333333&#8243; color_row_height=&#8221;content-height&#8221; bg_type=&#8221;cover&#8221; parallax_image_height=&#8221;content-height&#8221; parallax_image_movement=&#8221;fixed&#8221; parallax_image_speed=&#8221;0.5&#8243; bg_video_loop=&#8221;yes&#8221; parallax_video_height=&#8221;window-height&#8221; row_top_style=&#8221;none&#8221; row_bottom_style=&#8221;none&#8221; parallax_video_overlay=&#8221;none&#8221; row_overlay_opacity=&#8221;0&#8243; remove_element_spacing=&#8221;no&#8221; row_col_pos=&#8221;default&#8221; row_expanding=&#8221;no&#8221; row_animation=&#8221;none&#8221; row_animation_delay=&#8221;0&#8243; minimize_row=&#8221;no&#8221; simplified_controls=&#8221;yes&#8221; custom_css=&#8221;margin-top: 0px;margin-bottom: 0px;border-top: 0px default ;border-left: 0px default ;border-right: 0px default ;border-bottom: 0px default ;padding-top: 0px;padding-left: 13px;padding-right: 13px;padding-bottom: 0px;&#8221; border_styling_global=&#8221;default&#8221; width=&#8221;1\/1&#8243; el_position=&#8221;first last&#8221;] [spb_column col_animation=&#8221;none&#8221; col_animation_delay=&#8221;0&#8243; col_el_class=&#8221;posunutie&#8221; col_bg_color=&#8221;#ffffff&#8221; col_bg_type=&#8221;cover&#8221; col_parallax_image_movement=&#8221;fixed&#8221; col_parallax_image_speed=&#8221;0.5&#8243; col_padding=&#8221;2&#8243; col_sm=&#8221;12&#8243; simplified_controls=&#8221;yes&#8221; custom_css_percentage=&#8221;no&#8221; padding_vertical=&#8221;0&#8243; padding_horizontal=&#8221;0&#8243; margin_vertical=&#8221;0&#8243; custom_css=&#8221;margin-top: 0px;margin-bottom: 0px;border-top: 0px default ;border-left: 0px default ;border-right: 0px default ;border-bottom: 0px default ;padding-top: 0px;padding-left: 0px;padding-right: 0px;padding-bottom: 0px;&#8221; border_styling_global=&#8221;default&#8221; width=&#8221;1\/1&#8243; el_position=&#8221;first last&#8221;] [spb_boxed_content type=&#8221;coloured&#8221; box_link_target=&#8221;_self&#8221; padding_vertical=&#8221;0&#8243; padding_horizontal=&#8221;0&#8243; width=&#8221;1\/1&#8243; el_position=&#8221;first last&#8221;]<\/p>\n<h2 style=\"text-align: center;\">Kontakt<\/h2>\n<p>[\/spb_boxed_content] [spb_boxed_content type=&#8221;coloured&#8221; box_link_target=&#8221;_self&#8221; padding_vertical=&#8221;0&#8243; padding_horizontal=&#8221;7&#8243; width=&#8221;2\/3&#8243; el_position=&#8221;first&#8221;]<\/p>\n<p style=\"text-align: left;\"><strong>Reservierung und mehr Information erhalten Sie auf folgenden E-Mailaddresse oder Telefonnummer:<\/strong><\/p>\n<p style=\"text-align: left;\">+421 911 563 021<br \/>\n+421 903 555 662<\/p>\n<p style=\"text-align: left;\"><a href=\"mailto:rezervacie@penzionupejtrika.sk\">rezervacie@penzionupejtrika.sk<\/a><\/p>\n<p>[\/spb_boxed_content] [spb_boxed_content type=&#8221;coloured&#8221; box_link_target=&#8221;_self&#8221; padding_vertical=&#8221;0&#8243; padding_horizontal=&#8221;7&#8243; width=&#8221;1\/3&#8243; el_position=&#8221;last&#8221;]<\/p>\n<p style=\"text-align: left;\"><strong>Kontaktaddresse:<\/strong><\/p>\n<p>Lucia Baranovsk\u00e1-Marov\u00e1<br \/>\n059 36 Mengusovce Nr. 196<\/p>\n<p>oder<\/p>\n<p style=\"text-align: left;\">Ing. Marianna Rattajov\u00e1<br \/>\n059 36 Mengusovce Nr .111<br \/>\nSlovensko<\/p>\n<p>[\/spb_boxed_content] [spb_blank_spacer height=&#8221;30px&#8221; width=&#8221;1\/1&#8243; el_position=&#8221;first last&#8221;] [spb_raw_html width=&#8221;1\/1&#8243; el_position=&#8221;first last&#8221;]JTNDaWZyYW1lJTIwd2lkdGglM0QlMjI4MDAlMjIlMjBoZWlnaHQlM0QlMjI0MDAlMjIlMjBmcmFtZWJvcmRlciUzRCUyMjAlMjIlMjBzY3JvbGxpbmclM0QlMjJubyUyMiUyMG1hcmdpbmhlaWdodCUzRCUyMjAlMjIlMjBtYXJnaW53aWR0aCUzRCUyMjAlMjIlMjBzcmMlM0QlMjJodHRwcyUzQSUyRiUyRnd3dy5vcGVuc3RyZWV0bWFwLm9yZyUyRmV4cG9ydCUyRmVtYmVkLmh0bWwlM0ZiYm94JTNEMjAuMTMzNDYwMTY0MDcwMTMzJTI1MkM0OS4wNzMyNzIwMDU5NTkzJTI1MkMyMC4xMzk2NTYwNjY4OTQ1MzUlMjUyQzQ5LjA3NTQ2MzA1NzkzMDU3JTI2YW1wJTNCbGF5ZXIlM0RtYXBuaWslMjIlMjBzdHlsZSUzRCUyMmJvcmRlciUzQSUyMDFweCUyMHNvbGlkJTIwYmxhY2slMjIlM0UlM0MlMkZpZnJhbWUlM0U=[\/spb_raw_html] [spb_blank_spacer height=&#8221;30px&#8221; width=&#8221;1\/1&#8243; el_position=&#8221;first last&#8221;] [spb_boxed_content type=&#8221;coloured&#8221; box_link_target=&#8221;_self&#8221; padding_vertical=&#8221;0&#8243; padding_horizontal=&#8221;7&#8243; width=&#8221;1\/1&#8243; el_position=&#8221;first last&#8221;]<\/p>\n<h2 style=\"text-align: center;\">Anreise<\/h2>\n<p style=\"text-align: center;\">Es gibt einen Zuganschluss nach Tatranska Strba oder Poprad, wo sie den Bus direkt nach Mengusovce nehmen k\u00f6nnen. Sie k\u00f6nnen den Bus, Zug oder unseren Wagen (nach Anfrage und gegen Zuschlag) f\u00fcr Reisen in Poprad, \u0160trba oder die Umgebung verwenden.<br \/>\nWenn sie mit eigenem Auto kommen, nehmen Sie bitte die Autobahn E50 von \u017dilina und ungef\u00e4hr nach 5km nach Tatransk\u00e1 \u0160trba biegen Sie links nach Vy\u0161n\u00e9 H\u00e1gy. Nach 1km sind sie direkt im Dorf.<br \/>\nWenn sie von Tatransk\u00e1 \u0160trba kommen, sie werden auf jedem Fall ein kleines Dorf mit rotem Turm sehen.<br \/>\nVon Poprad biegen Sie bitte 4km nach Svit links in der Richtung Vy\u0161n\u00e9 H\u00e1gy.<\/p>\n<p>[\/spb_boxed_content] [\/spb_column] [spb_blank_spacer height=&#8221;60px&#8221; width=&#8221;1\/1&#8243; el_position=&#8221;first last&#8221;] [\/spb_row]<\/p>\n","protected":false},"excerpt":{"rendered":"<p>[spb_row element_name=&#8221;Row&#8221; wrap_type=&#8221;content-width&#8221; row_bg_type=&#8221;image&#8221; color_row_height=&#8221;content-height&#8221; bg_image=&#8221;1421&#8243; bg_type=&#8221;cover&#8221; parallax_image_height=&#8221;content-height&#8221; parallax_image_movement=&#8221;scroll&#8221; parallax_image_speed=&#8221;0.5&#8243; bg_video_loop=&#8221;yes&#8221; parallax_video_height=&#8221;window-height&#8221; row_top_style=&#8221;none&#8221; row_bottom_style=&#8221;none&#8221; parallax_video_overlay=&#8221;none&#8221; row_overlay_opacity=&#8221;0&#8243; remove_element_spacing=&#8221;no&#8221; row_col_pos=&#8221;default&#8221; row_expanding=&#8221;no&#8221; row_animation=&#8221;none&#8221; row_animation_delay=&#8221;0&#8243; minimize_row=&#8221;no&#8221; simplified_controls=&#8221;yes&#8221; custom_css=&#8221;margin-top: 0px;margin-bottom: 0px;border-top: 0px default ;border-left: 0px default ;border-right: 0px default ;border-bottom: 0px default ;padding-top: 0px;padding-left: 0px;padding-right: 0px;padding-bottom: 0px;&#8221; border_styling_global=&#8221;default&#8221; el_class=&#8221;no-shadow&#8221; width=&#8221;1\/1&#8243; el_position=&#8221;first last&#8221;] [spb_blank_spacer height=&#8221;400px&#8221; width=&#8221;1\/1&#8243; el_position=&#8221;first last&#8221;] [\/spb_row] [spb_row element_name=&#8221;Row&#8221; wrap_type=&#8221;content-width&#8221; row_bg_type=&#8221;color&#8221; row_bg_color=&#8221;#333333&#8243; color_row_height=&#8221;content-height&#8221; bg_type=&#8221;cover&#8221; [&hellip;]<\/p>\n","protected":false},"author":3,"featured_media":0,"parent":1506,"menu_order":0,"comment_status":"closed","ping_status":"closed","template":"","meta":{"footnotes":""},"yoast_head":"<!-- This site is optimized with the Yoast SEO plugin v20.0 - https:\/\/yoast.com\/wordpress\/plugins\/seo\/ -->\n<title>Kontakt - Penzi\u00f3n u Pejtrika<\/title>\n<meta name=\"description\" content=\"Reservierung und Information erhalten Sie auf folgenden E-Mailaddresse oder Telefonnummer +421 911 563 021, +421 903 555 662, rezervacie@penzionupejtrika.sk\" \/>\n<meta name=\"robots\" content=\"index, follow, max-snippet:-1, max-image-preview:large, max-video-preview:-1\" \/>\n<link rel=\"canonical\" href=\"https:\/\/penzionmengusovce.sk\/de\/penzion-at-pejtriks\/kontakt\/\" \/>\n<meta property=\"og:locale\" content=\"de_DE\" \/>\n<meta property=\"og:type\" content=\"article\" \/>\n<meta property=\"og:title\" content=\"Kontakt - Penzi\u00f3n u Pejtrika\" \/>\n<meta property=\"og:description\" content=\"Reservierung und Information erhalten Sie auf folgenden E-Mailaddresse oder Telefonnummer +421 911 563 021, +421 903 555 662, rezervacie@penzionupejtrika.sk\" \/>\n<meta property=\"og:url\" content=\"https:\/\/penzionmengusovce.sk\/de\/penzion-at-pejtriks\/kontakt\/\" \/>\n<meta property=\"og:site_name\" content=\"Penzi\u00f3n u Pejtrika\" \/>\n<meta property=\"article:modified_time\" content=\"2019-01-02T17:42:55+00:00\" \/>\n<meta name=\"twitter:card\" content=\"summary_large_image\" \/>\n<meta name=\"twitter:label1\" content=\"Est. reading time\" \/>\n\t<meta name=\"twitter:data1\" content=\"3 minutes\" \/>\n<script type=\"application\/ld+json\" class=\"yoast-schema-graph\">{\"@context\":\"https:\/\/schema.org\",\"@graph\":[{\"@type\":\"WebPage\",\"@id\":\"https:\/\/penzionmengusovce.sk\/de\/penzion-at-pejtriks\/kontakt\/\",\"url\":\"https:\/\/penzionmengusovce.sk\/de\/penzion-at-pejtriks\/kontakt\/\",\"name\":\"Kontakt - Penzi\u00f3n u Pejtrika\",\"isPartOf\":{\"@id\":\"https:\/\/penzionmengusovce.sk\/#website\"},\"datePublished\":\"2016-03-03T19:44:52+00:00\",\"dateModified\":\"2019-01-02T17:42:55+00:00\",\"description\":\"Reservierung und Information erhalten Sie auf folgenden E-Mailaddresse oder Telefonnummer +421 911 563 021, +421 903 555 662, rezervacie@penzionupejtrika.sk\",\"breadcrumb\":{\"@id\":\"https:\/\/penzionmengusovce.sk\/de\/penzion-at-pejtriks\/kontakt\/#breadcrumb\"},\"inLanguage\":\"de-DE\",\"potentialAction\":[{\"@type\":\"ReadAction\",\"target\":[\"https:\/\/penzionmengusovce.sk\/de\/penzion-at-pejtriks\/kontakt\/\"]}]},{\"@type\":\"BreadcrumbList\",\"@id\":\"https:\/\/penzionmengusovce.sk\/de\/penzion-at-pejtriks\/kontakt\/#breadcrumb\",\"itemListElement\":[{\"@type\":\"ListItem\",\"position\":1,\"name\":\"Domovsk\u00e1 str\u00e1nka\",\"item\":\"https:\/\/penzionmengusovce.sk\/de\/\"},{\"@type\":\"ListItem\",\"position\":2,\"name\":\"Penzion \u201dAt Pejtrik\u2019s\u201d\",\"item\":\"https:\/\/penzionmengusovce.sk\/de\/penzion-at-pejtriks\/\"},{\"@type\":\"ListItem\",\"position\":3,\"name\":\"Kontakt\"}]},{\"@type\":\"WebSite\",\"@id\":\"https:\/\/penzionmengusovce.sk\/#website\",\"url\":\"https:\/\/penzionmengusovce.sk\/\",\"name\":\"Penzi\u00f3n u Pejtrika\",\"description\":\"Penzion Mengusovce\",\"publisher\":{\"@id\":\"https:\/\/penzionmengusovce.sk\/#organization\"},\"potentialAction\":[{\"@type\":\"SearchAction\",\"target\":{\"@type\":\"EntryPoint\",\"urlTemplate\":\"https:\/\/penzionmengusovce.sk\/?s={search_term_string}\"},\"query-input\":\"required name=search_term_string\"}],\"inLanguage\":\"de-DE\"},{\"@type\":\"Organization\",\"@id\":\"https:\/\/penzionmengusovce.sk\/#organization\",\"name\":\"Penzi\u00f3n u Pejtrika\",\"url\":\"https:\/\/penzionmengusovce.sk\/\",\"logo\":{\"@type\":\"ImageObject\",\"inLanguage\":\"de-DE\",\"@id\":\"https:\/\/penzionmengusovce.sk\/#\/schema\/logo\/image\/\",\"url\":\"https:\/\/penzionmengusovce.sk\/wp-content\/uploads\/2016\/03\/upejtrika_logo.png\",\"contentUrl\":\"https:\/\/penzionmengusovce.sk\/wp-content\/uploads\/2016\/03\/upejtrika_logo.png\",\"width\":128,\"height\":120,\"caption\":\"Penzi\u00f3n u Pejtrika\"},\"image\":{\"@id\":\"https:\/\/penzionmengusovce.sk\/#\/schema\/logo\/image\/\"}}]}<\/script>\n<!-- \/ Yoast SEO plugin. -->","yoast_head_json":{"title":"Kontakt - Penzi\u00f3n u Pejtrika","description":"Reservierung und Information erhalten Sie auf folgenden E-Mailaddresse oder Telefonnummer +421 911 563 021, +421 903 555 662, rezervacie@penzionupejtrika.sk","robots":{"index":"index","follow":"follow","max-snippet":"max-snippet:-1","max-image-preview":"max-image-preview:large","max-video-preview":"max-video-preview:-1"},"canonical":"https:\/\/penzionmengusovce.sk\/de\/penzion-at-pejtriks\/kontakt\/","og_locale":"de_DE","og_type":"article","og_title":"Kontakt - Penzi\u00f3n u Pejtrika","og_description":"Reservierung und Information erhalten Sie auf folgenden E-Mailaddresse oder Telefonnummer +421 911 563 021, +421 903 555 662, rezervacie@penzionupejtrika.sk","og_url":"https:\/\/penzionmengusovce.sk\/de\/penzion-at-pejtriks\/kontakt\/","og_site_name":"Penzi\u00f3n u Pejtrika","article_modified_time":"2019-01-02T17:42:55+00:00","twitter_card":"summary_large_image","twitter_misc":{"Est. reading time":"3 minutes"},"schema":{"@context":"https:\/\/schema.org","@graph":[{"@type":"WebPage","@id":"https:\/\/penzionmengusovce.sk\/de\/penzion-at-pejtriks\/kontakt\/","url":"https:\/\/penzionmengusovce.sk\/de\/penzion-at-pejtriks\/kontakt\/","name":"Kontakt - Penzi\u00f3n u Pejtrika","isPartOf":{"@id":"https:\/\/penzionmengusovce.sk\/#website"},"datePublished":"2016-03-03T19:44:52+00:00","dateModified":"2019-01-02T17:42:55+00:00","description":"Reservierung und Information erhalten Sie auf folgenden E-Mailaddresse oder Telefonnummer +421 911 563 021, +421 903 555 662, rezervacie@penzionupejtrika.sk","breadcrumb":{"@id":"https:\/\/penzionmengusovce.sk\/de\/penzion-at-pejtriks\/kontakt\/#breadcrumb"},"inLanguage":"de-DE","potentialAction":[{"@type":"ReadAction","target":["https:\/\/penzionmengusovce.sk\/de\/penzion-at-pejtriks\/kontakt\/"]}]},{"@type":"BreadcrumbList","@id":"https:\/\/penzionmengusovce.sk\/de\/penzion-at-pejtriks\/kontakt\/#breadcrumb","itemListElement":[{"@type":"ListItem","position":1,"name":"Domovsk\u00e1 str\u00e1nka","item":"https:\/\/penzionmengusovce.sk\/de\/"},{"@type":"ListItem","position":2,"name":"Penzion \u201dAt Pejtrik\u2019s\u201d","item":"https:\/\/penzionmengusovce.sk\/de\/penzion-at-pejtriks\/"},{"@type":"ListItem","position":3,"name":"Kontakt"}]},{"@type":"WebSite","@id":"https:\/\/penzionmengusovce.sk\/#website","url":"https:\/\/penzionmengusovce.sk\/","name":"Penzi\u00f3n u Pejtrika","description":"Penzion Mengusovce","publisher":{"@id":"https:\/\/penzionmengusovce.sk\/#organization"},"potentialAction":[{"@type":"SearchAction","target":{"@type":"EntryPoint","urlTemplate":"https:\/\/penzionmengusovce.sk\/?s={search_term_string}"},"query-input":"required name=search_term_string"}],"inLanguage":"de-DE"},{"@type":"Organization","@id":"https:\/\/penzionmengusovce.sk\/#organization","name":"Penzi\u00f3n u Pejtrika","url":"https:\/\/penzionmengusovce.sk\/","logo":{"@type":"ImageObject","inLanguage":"de-DE","@id":"https:\/\/penzionmengusovce.sk\/#\/schema\/logo\/image\/","url":"https:\/\/penzionmengusovce.sk\/wp-content\/uploads\/2016\/03\/upejtrika_logo.png","contentUrl":"https:\/\/penzionmengusovce.sk\/wp-content\/uploads\/2016\/03\/upejtrika_logo.png","width":128,"height":120,"caption":"Penzi\u00f3n u Pejtrika"},"image":{"@id":"https:\/\/penzionmengusovce.sk\/#\/schema\/logo\/image\/"}}]}},"_links":{"self":[{"href":"https:\/\/penzionmengusovce.sk\/de\/wp-json\/wp\/v2\/pages\/899"}],"collection":[{"href":"https:\/\/penzionmengusovce.sk\/de\/wp-json\/wp\/v2\/pages"}],"about":[{"href":"https:\/\/penzionmengusovce.sk\/de\/wp-json\/wp\/v2\/types\/page"}],"author":[{"embeddable":true,"href":"https:\/\/penzionmengusovce.sk\/de\/wp-json\/wp\/v2\/users\/3"}],"replies":[{"embeddable":true,"href":"https:\/\/penzionmengusovce.sk\/de\/wp-json\/wp\/v2\/comments?post=899"}],"version-history":[{"count":24,"href":"https:\/\/penzionmengusovce.sk\/de\/wp-json\/wp\/v2\/pages\/899\/revisions"}],"predecessor-version":[{"id":1864,"href":"https:\/\/penzionmengusovce.sk\/de\/wp-json\/wp\/v2\/pages\/899\/revisions\/1864"}],"up":[{"embeddable":true,"href":"https:\/\/penzionmengusovce.sk\/de\/wp-json\/wp\/v2\/pages\/1506"}],"wp:attachment":[{"href":"https:\/\/penzionmengusovce.sk\/de\/wp-json\/wp\/v2\/media?parent=899"}],"curies":[{"name":"wp","href":"https:\/\/api.w.org\/{rel}","templated":true}]}}