{"id":979,"date":"2016-04-27T14:29:13","date_gmt":"2016-04-27T12:29:13","guid":{"rendered":"http:\/\/dev.bajan.sk\/penzionmengusovce\/?page_id=979&#038;lang=de"},"modified":"2017-12-25T23:24:12","modified_gmt":"2017-12-25T21:24:12","slug":"penzion-mengusovce","status":"publish","type":"page","link":"https:\/\/penzionmengusovce.sk\/de\/","title":{"rendered":"Pension Mengusovce"},"content":{"rendered":"<p>[spb_row element_name=&#8221;Row&#8221; wrap_type=&#8221;content-width&#8221; row_bg_type=&#8221;image&#8221; color_row_height=&#8221;content-height&#8221; bg_image=&#8221;22&#8243; bg_type=&#8221;cover&#8221; parallax_image_height=&#8221;window-height&#8221; parallax_image_movement=&#8221;scroll&#8221; parallax_image_speed=&#8221;0.5&#8243; bg_video_loop=&#8221;yes&#8221; parallax_video_height=&#8221;window-height&#8221; row_top_style=&#8221;none&#8221; row_bottom_style=&#8221;none&#8221; parallax_video_overlay=&#8221;none&#8221; row_overlay_opacity=&#8221;0&#8243; row_padding_vertical=&#8221;0&#8243; row_padding_horizontal=&#8221;0&#8243; row_margin_vertical=&#8221;0&#8243; remove_element_spacing=&#8221;yes&#8221; vertical_center=&#8221;true&#8221; inner_column_height=&#8221;col-natural&#8221; row_expanding=&#8221;no&#8221; row_animation=&#8221;none&#8221; row_animation_delay=&#8221;0&#8243; minimize_row=&#8221;no&#8221; simplified_controls=&#8221;yes&#8221; custom_css=&#8221;margin-top: 0px;margin-bottom: 0px;border-top: 0px default ;border-left: 0px default ;border-right: 0px default ;border-bottom: 0px default ;padding-top: 0px;padding-left: 0px;padding-right: 0px;padding-bottom: 0px;&#8221; border_styling_global=&#8221;default&#8221; el_class=&#8221;no-shadow&#8221; width=&#8221;1\/1&#8243; el_position=&#8221;first last&#8221;] [spb_blank_spacer height=&#8221;30px&#8221; width=&#8221;1\/1&#8243; el_position=&#8221;first last&#8221;] [spb_column col_animation=&#8221;none&#8221; col_animation_delay=&#8221;0&#8243; col_el_class=&#8221;tien-low&#8221; col_bg_color=&#8221;#ffffff&#8221; col_bg_type=&#8221;cover&#8221; col_parallax_image_movement=&#8221;fixed&#8221; col_parallax_image_speed=&#8221;0.5&#8243; col_padding=&#8221;0&#8243; simplified_controls=&#8221;yes&#8221; custom_css_percentage=&#8221;no&#8221; padding_vertical=&#8221;0&#8243; padding_horizontal=&#8221;0&#8243; margin_vertical=&#8221;0&#8243; custom_css=&#8221;margin-top: 0px;margin-bottom: 0px;border-top: 0px default ;border-left: 0px default ;border-right: 0px default ;border-bottom: 0px default ;padding-top: 0px;padding-left: 0px;padding-right: 0px;padding-bottom: 0px;&#8221; border_styling_global=&#8221;default&#8221; width=&#8221;1\/1&#8243; el_position=&#8221;first last&#8221;] [spb_image image=&#8221;1136&#8243; image_size=&#8221;full&#8221; frame=&#8221;noframe&#8221; caption_pos=&#8221;hover&#8221; remove_rounded=&#8221;yes&#8221; fullwidth=&#8221;no&#8221; overflow_mode=&#8221;none&#8221; link_target=&#8221;_self&#8221; lightbox=&#8221;no&#8221; intro_animation=&#8221;none&#8221; animation_delay=&#8221;200&#8243; width=&#8221;1\/3&#8243; el_position=&#8221;first&#8221;] [spb_boxed_content type=&#8221;coloured&#8221; box_link_target=&#8221;_self&#8221; padding_vertical=&#8221;0&#8243; padding_horizontal=&#8221;7&#8243; width=&#8221;2\/3&#8243; el_position=&#8221;last&#8221;]<\/p>\n<h2>Pension \u201dBei Pejtrik\u201d<\/h2>\n<p><span id=\"result_box\" lang=\"de\">Pension befindet sich mitten im Dorf Mengusovce. Sie erreichen das Dorf von der Hauptstra\u00dfe zwischen Tatranska \u0160trba und Svit oder von der D1 Autobahn aus, indem Sie vor dem B\u00f4rik Tunnel in Richtung Vy\u0161n\u00e9 H\u00e1gy abbiegen. Die Entfernung von der Hauptstra\u00dfe und der Autobahn betr\u00e4gt 1 km. Es dauert etwa 12 km von Mengusovce nach \u0160trbske Pleso, Star\u00fd Smokovec und Poprad. Parken ist direkt vor Ort<\/span><span id=\"t-served-community-button\" class=\"trans-verified-button goog-toolbar-button\"><\/span>.<\/p>\n<a class=\"sf-button standard accent default \" href=\"http:\/\/penzionmengusovce.sk\/en\/penzion-at-pejtriks\/accommodation\/\" target=\"_self\" rel=\"\"><span class=\"text\">Willkommen<\/span><\/a>\n<p>[\/spb_boxed_content] [\/spb_column] [spb_blank_spacer height=&#8221;30px&#8221; width=&#8221;1\/1&#8243; el_position=&#8221;first last&#8221;] [spb_column col_animation=&#8221;none&#8221; col_animation_delay=&#8221;0&#8243; col_el_class=&#8221;tien-low&#8221; col_bg_color=&#8221;#ffffff&#8221; col_bg_type=&#8221;cover&#8221; col_parallax_image_movement=&#8221;fixed&#8221; col_parallax_image_speed=&#8221;0.5&#8243; col_padding=&#8221;0&#8243; simplified_controls=&#8221;yes&#8221; custom_css_percentage=&#8221;no&#8221; padding_vertical=&#8221;0&#8243; padding_horizontal=&#8221;0&#8243; margin_vertical=&#8221;0&#8243; custom_css=&#8221;margin-top: 0px;margin-bottom: 0px;border-top: 0px default ;border-left: 0px default ;border-right: 0px default ;border-bottom: 0px default ;padding-top: 0px;padding-left: 0px;padding-right: 0px;padding-bottom: 0px;&#8221; border_styling_global=&#8221;default&#8221; width=&#8221;1\/1&#8243; el_position=&#8221;first last&#8221;] [spb_boxed_content type=&#8221;coloured&#8221; box_link_target=&#8221;_self&#8221; padding_vertical=&#8221;0&#8243; padding_horizontal=&#8221;7&#8243; width=&#8221;2\/3&#8243; el_position=&#8221;first&#8221;]<\/p>\n<h2>Rekreation haus<\/h2>\n<p>Es liegt im Dorf Mengusovce am malerischen Ausl\u00e4ufer der Hohen Tatra. Sie erreichen das Dorf, indem Sie die Hauptstra\u00dfe zwischen Tatransk\u00e1 \u0160trba und Svit oder der Autobahn (in der N\u00e4he des Tunnels B\u00f4rik) in Richtung Vy\u0161n\u00e9 H\u00e1gy weiterfahren. Die Kreuzung ist ca. 1km vom Dorf entfernt. Die Entfernung von Mengusovce zu den Hauptzentren der Tatra wie \u0160trbsk\u00e9 Pleso, Star\u00fd Smokovec oder Poprad ist fast gleich &#8211; ca. 12 km. Dank seiner Lage ist es ein guter Ausgangspunkt f\u00fcr Tageswanderungen in der Hohen Tatra oder Kulturreisen in der Region Spi\u0161.<\/p>\n<a class=\"sf-button standard accent default \" href=\"http:\/\/penzionmengusovce.sk\/en\/recreational-house\/accommodation\/\" target=\"_self\" rel=\"\"><span class=\"text\">Willkommen<\/span><\/a>\n<p>[\/spb_boxed_content] [spb_image image=&#8221;1638&#8243; image_size=&#8221;full&#8221; frame=&#8221;noframe&#8221; caption_pos=&#8221;hover&#8221; remove_rounded=&#8221;yes&#8221; fullwidth=&#8221;no&#8221; overflow_mode=&#8221;none&#8221; link_target=&#8221;_self&#8221; lightbox=&#8221;no&#8221; intro_animation=&#8221;none&#8221; animation_delay=&#8221;200&#8243; width=&#8221;1\/3&#8243; el_position=&#8221;last&#8221;] [\/spb_column] [spb_blank_spacer height=&#8221;30px&#8221; width=&#8221;1\/1&#8243; el_position=&#8221;first last&#8221;] [spb_column col_animation=&#8221;none&#8221; col_animation_delay=&#8221;0&#8243; col_bg_color=&#8221;#ffffff&#8221; col_bg_type=&#8221;cover&#8221; col_parallax_image_movement=&#8221;fixed&#8221; col_parallax_image_speed=&#8221;0.5&#8243; col_padding=&#8221;0&#8243; simplified_controls=&#8221;yes&#8221; custom_css_percentage=&#8221;no&#8221; padding_vertical=&#8221;0&#8243; padding_horizontal=&#8221;0&#8243; margin_vertical=&#8221;0&#8243; custom_css=&#8221;margin-top: 0px;margin-bottom: 0px;border-top: 0px default ;border-left: 0px default ;border-right: 0px default ;border-bottom: 0px default ;padding-top: 0px;padding-left: 0px;padding-right: 0px;padding-bottom: 0px;&#8221; border_styling_global=&#8221;default&#8221; width=&#8221;1\/1&#8243; el_position=&#8221;first last&#8221;] [spb_image element_name=&#8221;Image&#8221; image=&#8221;1789&#8243; image_size=&#8221;large-square&#8221; frame=&#8221;noframe&#8221; caption_pos=&#8221;hover&#8221; remove_rounded=&#8221;yes&#8221; fullwidth=&#8221;no&#8221; overflow_mode=&#8221;none&#8221; link_target=&#8221;_self&#8221; lightbox=&#8221;yes&#8221; intro_animation=&#8221;none&#8221; animation_delay=&#8221;200&#8243; width=&#8221;1\/3&#8243; el_position=&#8221;first&#8221;] [spb_boxed_content type=&#8221;coloured&#8221; box_link_target=&#8221;_self&#8221; padding_vertical=&#8221;0&#8243; padding_horizontal=&#8221;6&#8243; width=&#8221;2\/3&#8243; el_position=&#8221;last&#8221;]<\/p>\n<h2>Zuverl\u00e4ssige Verpflegung und Unterkunft<\/h2>\n<p>Wir geh\u00f6ren zu den Besten! Nach der Bewertung der Zuverl\u00e4ssigkeit und Stabilit\u00e4t von Catering- und Unterbringungsunternehmen haben wir einen zuverl\u00e4ssigen Catering- und Unterkunftspreis erhalten.<\/p>\n<a class=\"sf-button standard accent default \" href=\"http:\/\/penzionmengusovce.sk\/wp-content\/uploads\/2016\/03\/PenzionMengusovcePecatSpolahlivosti.pdf\" target=\"_self\" rel=\"\"><span class=\"text\">Zertifikat im Detail<\/span><\/a>\n<p>[\/spb_boxed_content] [\/spb_column] [spb_blank_spacer height=&#8221;30px&#8221; width=&#8221;1\/1&#8243; el_position=&#8221;first last&#8221;] [\/spb_row]<\/p>\n","protected":false},"excerpt":{"rendered":"<p>[spb_row element_name=&#8221;Row&#8221; wrap_type=&#8221;content-width&#8221; row_bg_type=&#8221;image&#8221; color_row_height=&#8221;content-height&#8221; bg_image=&#8221;22&#8243; bg_type=&#8221;cover&#8221; parallax_image_height=&#8221;window-height&#8221; parallax_image_movement=&#8221;scroll&#8221; parallax_image_speed=&#8221;0.5&#8243; bg_video_loop=&#8221;yes&#8221; parallax_video_height=&#8221;window-height&#8221; row_top_style=&#8221;none&#8221; row_bottom_style=&#8221;none&#8221; parallax_video_overlay=&#8221;none&#8221; row_overlay_opacity=&#8221;0&#8243; row_padding_vertical=&#8221;0&#8243; row_padding_horizontal=&#8221;0&#8243; row_margin_vertical=&#8221;0&#8243; remove_element_spacing=&#8221;yes&#8221; vertical_center=&#8221;true&#8221; inner_column_height=&#8221;col-natural&#8221; row_expanding=&#8221;no&#8221; row_animation=&#8221;none&#8221; row_animation_delay=&#8221;0&#8243; minimize_row=&#8221;no&#8221; simplified_controls=&#8221;yes&#8221; custom_css=&#8221;margin-top: 0px;margin-bottom: 0px;border-top: 0px default ;border-left: 0px default ;border-right: 0px default ;border-bottom: 0px default ;padding-top: 0px;padding-left: 0px;padding-right: 0px;padding-bottom: 0px;&#8221; border_styling_global=&#8221;default&#8221; el_class=&#8221;no-shadow&#8221; width=&#8221;1\/1&#8243; el_position=&#8221;first last&#8221;] [spb_blank_spacer height=&#8221;30px&#8221; width=&#8221;1\/1&#8243; el_position=&#8221;first last&#8221;] [spb_column col_animation=&#8221;none&#8221; col_animation_delay=&#8221;0&#8243; col_el_class=&#8221;tien-low&#8221; [&hellip;]<\/p>\n","protected":false},"author":3,"featured_media":0,"parent":0,"menu_order":0,"comment_status":"closed","ping_status":"closed","template":"","meta":{"footnotes":""},"yoast_head":"<!-- This site is optimized with the Yoast SEO plugin v20.0 - https:\/\/yoast.com\/wordpress\/plugins\/seo\/ -->\n<title>Pension Mengusovce - Penzi\u00f3n u Pejtrika<\/title>\n<meta name=\"description\" content=\"Pension befindet sich mitten im Dorf Mengusovce. Die gute Lage bietet den Besuchern viele Freizeitm\u00f6glichkeiten, Skipisten und Wanderwege an.\" \/>\n<meta name=\"robots\" content=\"index, follow, max-snippet:-1, max-image-preview:large, max-video-preview:-1\" \/>\n<link rel=\"canonical\" href=\"https:\/\/penzionmengusovce.sk\/de\/\" \/>\n<meta property=\"og:locale\" content=\"de_DE\" \/>\n<meta property=\"og:type\" content=\"article\" \/>\n<meta property=\"og:title\" content=\"Pension Mengusovce - Penzi\u00f3n u Pejtrika\" \/>\n<meta property=\"og:description\" content=\"Pension befindet sich mitten im Dorf Mengusovce. Die gute Lage bietet den Besuchern viele Freizeitm\u00f6glichkeiten, Skipisten und Wanderwege an.\" \/>\n<meta property=\"og:url\" content=\"https:\/\/penzionmengusovce.sk\/de\/\" \/>\n<meta property=\"og:site_name\" content=\"Penzi\u00f3n u Pejtrika\" \/>\n<meta property=\"article:modified_time\" content=\"2017-12-25T21:24:12+00:00\" \/>\n<meta name=\"twitter:card\" content=\"summary_large_image\" \/>\n<meta name=\"twitter:label1\" content=\"Est. reading time\" \/>\n\t<meta name=\"twitter:data1\" content=\"4 minutes\" \/>\n<script type=\"application\/ld+json\" class=\"yoast-schema-graph\">{\"@context\":\"https:\/\/schema.org\",\"@graph\":[{\"@type\":\"WebPage\",\"@id\":\"https:\/\/penzionmengusovce.sk\/de\/\",\"url\":\"https:\/\/penzionmengusovce.sk\/de\/\",\"name\":\"Pension Mengusovce - Penzi\u00f3n u Pejtrika\",\"isPartOf\":{\"@id\":\"https:\/\/penzionmengusovce.sk\/#website\"},\"datePublished\":\"2016-04-27T12:29:13+00:00\",\"dateModified\":\"2017-12-25T21:24:12+00:00\",\"description\":\"Pension befindet sich mitten im Dorf Mengusovce. Die gute Lage bietet den Besuchern viele Freizeitm\u00f6glichkeiten, Skipisten und Wanderwege an.\",\"breadcrumb\":{\"@id\":\"https:\/\/penzionmengusovce.sk\/de\/#breadcrumb\"},\"inLanguage\":\"de-DE\",\"potentialAction\":[{\"@type\":\"ReadAction\",\"target\":[\"https:\/\/penzionmengusovce.sk\/de\/\"]}]},{\"@type\":\"BreadcrumbList\",\"@id\":\"https:\/\/penzionmengusovce.sk\/de\/#breadcrumb\",\"itemListElement\":[{\"@type\":\"ListItem\",\"position\":1,\"name\":\"Domovsk\u00e1 str\u00e1nka\",\"item\":\"https:\/\/penzionmengusovce.sk\/de\/\"},{\"@type\":\"ListItem\",\"position\":2,\"name\":\"Pension Mengusovce\"}]},{\"@type\":\"WebSite\",\"@id\":\"https:\/\/penzionmengusovce.sk\/#website\",\"url\":\"https:\/\/penzionmengusovce.sk\/\",\"name\":\"Penzi\u00f3n u Pejtrika\",\"description\":\"Penzion Mengusovce\",\"publisher\":{\"@id\":\"https:\/\/penzionmengusovce.sk\/#organization\"},\"potentialAction\":[{\"@type\":\"SearchAction\",\"target\":{\"@type\":\"EntryPoint\",\"urlTemplate\":\"https:\/\/penzionmengusovce.sk\/?s={search_term_string}\"},\"query-input\":\"required name=search_term_string\"}],\"inLanguage\":\"de-DE\"},{\"@type\":\"Organization\",\"@id\":\"https:\/\/penzionmengusovce.sk\/#organization\",\"name\":\"Penzi\u00f3n u Pejtrika\",\"url\":\"https:\/\/penzionmengusovce.sk\/\",\"logo\":{\"@type\":\"ImageObject\",\"inLanguage\":\"de-DE\",\"@id\":\"https:\/\/penzionmengusovce.sk\/#\/schema\/logo\/image\/\",\"url\":\"https:\/\/penzionmengusovce.sk\/wp-content\/uploads\/2016\/03\/upejtrika_logo.png\",\"contentUrl\":\"https:\/\/penzionmengusovce.sk\/wp-content\/uploads\/2016\/03\/upejtrika_logo.png\",\"width\":128,\"height\":120,\"caption\":\"Penzi\u00f3n u Pejtrika\"},\"image\":{\"@id\":\"https:\/\/penzionmengusovce.sk\/#\/schema\/logo\/image\/\"}}]}<\/script>\n<!-- \/ Yoast SEO plugin. -->","yoast_head_json":{"title":"Pension Mengusovce - Penzi\u00f3n u Pejtrika","description":"Pension befindet sich mitten im Dorf Mengusovce. Die gute Lage bietet den Besuchern viele Freizeitm\u00f6glichkeiten, Skipisten und Wanderwege an.","robots":{"index":"index","follow":"follow","max-snippet":"max-snippet:-1","max-image-preview":"max-image-preview:large","max-video-preview":"max-video-preview:-1"},"canonical":"https:\/\/penzionmengusovce.sk\/de\/","og_locale":"de_DE","og_type":"article","og_title":"Pension Mengusovce - Penzi\u00f3n u Pejtrika","og_description":"Pension befindet sich mitten im Dorf Mengusovce. Die gute Lage bietet den Besuchern viele Freizeitm\u00f6glichkeiten, Skipisten und Wanderwege an.","og_url":"https:\/\/penzionmengusovce.sk\/de\/","og_site_name":"Penzi\u00f3n u Pejtrika","article_modified_time":"2017-12-25T21:24:12+00:00","twitter_card":"summary_large_image","twitter_misc":{"Est. reading time":"4 minutes"},"schema":{"@context":"https:\/\/schema.org","@graph":[{"@type":"WebPage","@id":"https:\/\/penzionmengusovce.sk\/de\/","url":"https:\/\/penzionmengusovce.sk\/de\/","name":"Pension Mengusovce - Penzi\u00f3n u Pejtrika","isPartOf":{"@id":"https:\/\/penzionmengusovce.sk\/#website"},"datePublished":"2016-04-27T12:29:13+00:00","dateModified":"2017-12-25T21:24:12+00:00","description":"Pension befindet sich mitten im Dorf Mengusovce. Die gute Lage bietet den Besuchern viele Freizeitm\u00f6glichkeiten, Skipisten und Wanderwege an.","breadcrumb":{"@id":"https:\/\/penzionmengusovce.sk\/de\/#breadcrumb"},"inLanguage":"de-DE","potentialAction":[{"@type":"ReadAction","target":["https:\/\/penzionmengusovce.sk\/de\/"]}]},{"@type":"BreadcrumbList","@id":"https:\/\/penzionmengusovce.sk\/de\/#breadcrumb","itemListElement":[{"@type":"ListItem","position":1,"name":"Domovsk\u00e1 str\u00e1nka","item":"https:\/\/penzionmengusovce.sk\/de\/"},{"@type":"ListItem","position":2,"name":"Pension Mengusovce"}]},{"@type":"WebSite","@id":"https:\/\/penzionmengusovce.sk\/#website","url":"https:\/\/penzionmengusovce.sk\/","name":"Penzi\u00f3n u Pejtrika","description":"Penzion Mengusovce","publisher":{"@id":"https:\/\/penzionmengusovce.sk\/#organization"},"potentialAction":[{"@type":"SearchAction","target":{"@type":"EntryPoint","urlTemplate":"https:\/\/penzionmengusovce.sk\/?s={search_term_string}"},"query-input":"required name=search_term_string"}],"inLanguage":"de-DE"},{"@type":"Organization","@id":"https:\/\/penzionmengusovce.sk\/#organization","name":"Penzi\u00f3n u Pejtrika","url":"https:\/\/penzionmengusovce.sk\/","logo":{"@type":"ImageObject","inLanguage":"de-DE","@id":"https:\/\/penzionmengusovce.sk\/#\/schema\/logo\/image\/","url":"https:\/\/penzionmengusovce.sk\/wp-content\/uploads\/2016\/03\/upejtrika_logo.png","contentUrl":"https:\/\/penzionmengusovce.sk\/wp-content\/uploads\/2016\/03\/upejtrika_logo.png","width":128,"height":120,"caption":"Penzi\u00f3n u Pejtrika"},"image":{"@id":"https:\/\/penzionmengusovce.sk\/#\/schema\/logo\/image\/"}}]}},"_links":{"self":[{"href":"https:\/\/penzionmengusovce.sk\/de\/wp-json\/wp\/v2\/pages\/979"}],"collection":[{"href":"https:\/\/penzionmengusovce.sk\/de\/wp-json\/wp\/v2\/pages"}],"about":[{"href":"https:\/\/penzionmengusovce.sk\/de\/wp-json\/wp\/v2\/types\/page"}],"author":[{"embeddable":true,"href":"https:\/\/penzionmengusovce.sk\/de\/wp-json\/wp\/v2\/users\/3"}],"replies":[{"embeddable":true,"href":"https:\/\/penzionmengusovce.sk\/de\/wp-json\/wp\/v2\/comments?post=979"}],"version-history":[{"count":10,"href":"https:\/\/penzionmengusovce.sk\/de\/wp-json\/wp\/v2\/pages\/979\/revisions"}],"predecessor-version":[{"id":1796,"href":"https:\/\/penzionmengusovce.sk\/de\/wp-json\/wp\/v2\/pages\/979\/revisions\/1796"}],"wp:attachment":[{"href":"https:\/\/penzionmengusovce.sk\/de\/wp-json\/wp\/v2\/media?parent=979"}],"curies":[{"name":"wp","href":"https:\/\/api.w.org\/{rel}","templated":true}]}}